{"id":979,"date":"2022-09-01T14:21:51","date_gmt":"2022-09-01T12:21:51","guid":{"rendered":"https:\/\/www.polmarterre.fr\/?page_id=979"},"modified":"2023-01-04T16:05:05","modified_gmt":"2023-01-04T15:05:05","slug":"les-responsabilites","status":"publish","type":"page","link":"https:\/\/www.polmarterre.fr\/index.php\/les-responsabilites\/","title":{"rendered":"Les responsabilit\u00e9s"},"content":{"rendered":"\n<h2>La mobilisation des moyens<\/h2>\n<table style=\"width: 100%; border-collapse: collapse; border-style: solid; border-color: #000000; background-color: #e3e3e3;\" cellpadding=\"1\">\n<tbody>\n<tr>\n<td style=\"width: 100%; text-align: center;\"><strong>Loi n\u00b0 2004-811 du 13 ao\u00fbt 2004 de modernisation de la s\u00e9curit\u00e9 civile<\/strong><\/td>\n<\/tr>\n<\/tbody>\n<\/table>\n<p style=\"text-align: left;\">\u00ab\u00a0L&rsquo;engagement de tous dans la crise et l&rsquo;apr\u00e8s-crise\u00a0:<\/p>\n<p style=\"padding-left: 40px;\">Cette mobilisation doit \u00eatre organis\u00e9e, de fa\u00e7on prioritaire, au niveau local, et compl\u00e9t\u00e9e par des moyens disponibles au niveau national.<\/p>\n<p style=\"padding-left: 40px;\">La r\u00e9ponse aux catastrophes exige la mobilisation rapide de tous les moyens publics et priv\u00e9s et leur coordination efficace sous une direction unique.\u00a0\u00bb<\/p>\n<h2>Les diff\u00e9rents intervenants et leurs r\u00f4les en cas de pollution marine<\/h2>\n<p>Le r\u00f4le des diff\u00e9rents intervenants lors d&rsquo;une pollution marine d\u00e9pend de l\u2019ampleur de la pollution\u00a0:<\/p>\n<ul style=\"list-style-type: disc;\">\n<li>Pollution touchant une seule commune<\/li>\n<li><span style=\"font-size: revert; color: initial;\">Plusieurs communes touch\u00e9es ou les capacit\u00e9s de la commune sont d\u00e9pass\u00e9es<\/span><\/li>\n<li>Pollution d&rsquo;ampleur exceptionnelle<\/li>\n<\/ul>\n<h2>Les diff\u00e9rents intervenants et leurs r\u00f4les en cas de pollution marine<\/h2>\n<table style=\"border-collapse: collapse; width: 100%; height: 1536px;\">\n<tbody>\n<tr style=\"height: 499px; text-align: justify;\">\n<td style=\"width: 49.6429%; height: 499px; vertical-align: middle;\">\n<p><strong><span style=\"text-decoration: underline;\">Premier niveau :<\/span> la Commune<\/strong><\/p>\n<p style=\"text-align: justify;\">Dans le cadre de son pouvoir de police municipale (cf. article L.2212-2 du Code g\u00e9n\u00e9ral des collectivit\u00e9s territoriales)\u00a0:<\/p>\n<p style=\"text-align: justify;\">Le maire doit faire cesser les pollutions de toute nature.<\/p>\n<p style=\"text-align: justify;\">Il lui appartient de mobiliser tous ses moyens pour faire face aux cons\u00e9quences de l&rsquo;\u00e9v\u00e9nement.<\/p>\n<p style=\"text-align: justify;\">Il peut \u00e9tablir un Plan communal de sauvegarde (obligatoire si Plan de pr\u00e9vention des risques naturels approuv\u00e9 ou dans le champ d&rsquo;un Plan Particulier d&rsquo;Intervention).<\/p>\n<\/td>\n<td style=\"width: 50.3571%; height: 499px; vertical-align: middle;\"><img loading=\"lazy\" decoding=\"async\" class=\"alignnone size-medium wp-image-983 aligncenter\" src=\"https:\/\/www.polmarterre.fr\/wp-content\/uploads\/resp_2-300x225.jpg\" alt=\"\" width=\"300\" height=\"225\" srcset=\"https:\/\/www.polmarterre.fr\/wp-content\/uploads\/resp_2-300x225.jpg 300w, https:\/\/www.polmarterre.fr\/wp-content\/uploads\/resp_2.jpg 396w\" sizes=\"auto, (max-width: 300px) 100vw, 300px\" \/><\/td>\n<\/tr>\n<tr style=\"height: 416px; text-align: justify;\">\n<td style=\"width: 49.6429%; height: 416px; vertical-align: middle;\"><img loading=\"lazy\" decoding=\"async\" class=\"alignnone  wp-image-985 aligncenter\" src=\"https:\/\/www.polmarterre.fr\/wp-content\/uploads\/resp_3-300x196.jpg\" alt=\"\" width=\"347\" height=\"227\" srcset=\"https:\/\/www.polmarterre.fr\/wp-content\/uploads\/resp_3-300x196.jpg 300w, https:\/\/www.polmarterre.fr\/wp-content\/uploads\/resp_3.jpg 385w\" sizes=\"auto, (max-width: 347px) 100vw, 347px\" \/><\/td>\n<td style=\"width: 50.3571%; height: 416px; vertical-align: middle;\">\n<p><strong><span style=\"text-decoration: underline;\">Deuxi\u00e8me niveau :<\/span> plusieurs communes touch\u00e9es ou capacit\u00e9s de la commune d\u00e9pass\u00e9es<\/strong><\/p>\n<p style=\"text-align: justify;\">Le Pr\u00e9fet peut coordonner les op\u00e9rations, mais le Maire reste directeur des op\u00e9rations de secours sur sa commune.<\/p>\n<p style=\"text-align: justify;\">Le Pr\u00e9fet peut mobiliser les moyens de l&rsquo;Etat, des collectivit\u00e9s territoriales, des \u00e9tablissements publics et si besoin les moyens priv\u00e9s.<\/p>\n<p style=\"text-align: justify;\">Il peut, si n\u00e9cessaire, mettre en \u0153uvre le Dispositif ORSEC d\u00e9partemental.<\/p>\n<\/td>\n<\/tr>\n<tr style=\"height: 352px;\">\n<td style=\"width: 49.6429%; height: 352px; vertical-align: middle;\">\n<p style=\"text-align: left;\"><strong><span style=\"text-decoration: underline;\">Troisi\u00e8me niveau :<\/span> pollution d&rsquo;ampleur exceptionnelle<\/strong><\/p>\n<p style=\"text-align: justify;\">Le Pr\u00e9fet met en \u0153uvre le Dispositif ORSEC d\u00e9partemental,<\/p>\n<p style=\"text-align: justify;\">Si plusieurs d\u00e9partements touch\u00e9s, coordination du Pr\u00e9fet de Zone,<\/p>\n<p style=\"text-align: justify;\">Mobilisation ou r\u00e9quisition de tous les moyens et<br \/>du Financement Polmar de Crise<\/p>\n<\/td>\n<td style=\"width: 50.3571%; height: 352px; vertical-align: middle;\"><img loading=\"lazy\" decoding=\"async\" class=\"alignnone  wp-image-988 aligncenter\" src=\"https:\/\/www.polmarterre.fr\/wp-content\/uploads\/resp_4-300x225.jpg\" alt=\"\" width=\"344\" height=\"258\" srcset=\"https:\/\/www.polmarterre.fr\/wp-content\/uploads\/resp_4-300x225.jpg 300w, https:\/\/www.polmarterre.fr\/wp-content\/uploads\/resp_4-768x576.jpg 768w, https:\/\/www.polmarterre.fr\/wp-content\/uploads\/resp_4.jpg 800w\" sizes=\"auto, (max-width: 344px) 100vw, 344px\" \/><\/td>\n<\/tr>\n<\/tbody>\n<\/table>\n\n\n\n<p><strong>Pollution en mer :<\/strong><\/p>\n<p>Le Pr\u00e9fet Maritime met en \u0153uvre le Dispositif ORSEC maritime,<\/p>\n<p>Si ORSEC d\u00e9partemental simultan\u00e9ment, le Pr\u00e9fet de Zone coordonne et s&rsquo;assure de la coh\u00e9rence des actions terrestres et maritimes.<\/p>\n<p><img loading=\"lazy\" decoding=\"async\" class=\"alignnone  wp-image-992 aligncenter\" src=\"https:\/\/www.polmarterre.fr\/wp-content\/uploads\/resp_5-300x84.jpg\" alt=\"\" width=\"689\" height=\"193\" srcset=\"https:\/\/www.polmarterre.fr\/wp-content\/uploads\/resp_5-300x84.jpg 300w, https:\/\/www.polmarterre.fr\/wp-content\/uploads\/resp_5-1024x286.jpg 1024w, https:\/\/www.polmarterre.fr\/wp-content\/uploads\/resp_5-768x214.jpg 768w, https:\/\/www.polmarterre.fr\/wp-content\/uploads\/resp_5.jpg 1215w\" sizes=\"auto, (max-width: 689px) 100vw, 689px\" \/><\/p>\n","protected":false},"excerpt":{"rendered":"<p>La mobilisation des moyens Loi n\u00b0 2004-811 du 13 ao\u00fbt 2004 de modernisation de la s\u00e9curit\u00e9 civile \u00ab\u00a0L&rsquo;engagement de tous dans la crise et l&rsquo;apr\u00e8s-crise\u00a0: Cette mobilisation doit \u00eatre organis\u00e9e, de fa\u00e7on prioritaire, au niveau local, et compl\u00e9t\u00e9e par des moyens disponibles au niveau national. La r\u00e9ponse aux catastrophes exige la mobilisation rapide de tous&hellip; <a href=\"https:\/\/www.polmarterre.fr\/index.php\/les-responsabilites\/\" class=\"more-link\">Lire la suite <span class=\"screen-reader-text\">Les responsabilit\u00e9s<\/span><\/a><\/p>\n","protected":false},"author":1,"featured_media":0,"parent":0,"menu_order":0,"comment_status":"closed","ping_status":"closed","template":"templates\/full-width-page.php","meta":{"footnotes":""},"class_list":["post-979","page","type-page","status-publish","hentry","without-featured-image"],"_links":{"self":[{"href":"https:\/\/www.polmarterre.fr\/index.php\/wp-json\/wp\/v2\/pages\/979","targetHints":{"allow":["GET"]}}],"collection":[{"href":"https:\/\/www.polmarterre.fr\/index.php\/wp-json\/wp\/v2\/pages"}],"about":[{"href":"https:\/\/www.polmarterre.fr\/index.php\/wp-json\/wp\/v2\/types\/page"}],"author":[{"embeddable":true,"href":"https:\/\/www.polmarterre.fr\/index.php\/wp-json\/wp\/v2\/users\/1"}],"replies":[{"embeddable":true,"href":"https:\/\/www.polmarterre.fr\/index.php\/wp-json\/wp\/v2\/comments?post=979"}],"version-history":[{"count":16,"href":"https:\/\/www.polmarterre.fr\/index.php\/wp-json\/wp\/v2\/pages\/979\/revisions"}],"predecessor-version":[{"id":1430,"href":"https:\/\/www.polmarterre.fr\/index.php\/wp-json\/wp\/v2\/pages\/979\/revisions\/1430"}],"wp:attachment":[{"href":"https:\/\/www.polmarterre.fr\/index.php\/wp-json\/wp\/v2\/media?parent=979"}],"curies":[{"name":"wp","href":"https:\/\/api.w.org\/{rel}","templated":true}]}}