{"id":972,"date":"2022-09-01T14:22:37","date_gmt":"2022-09-01T12:22:37","guid":{"rendered":"https:\/\/www.polmarterre.fr\/?page_id=972"},"modified":"2023-01-04T16:02:06","modified_gmt":"2023-01-04T15:02:06","slug":"le-plan-polmar-dans-le-plan-orsec","status":"publish","type":"page","link":"https:\/\/www.polmarterre.fr\/index.php\/le-plan-polmar-dans-le-plan-orsec\/","title":{"rendered":"LE PLAN POLMAR dans LE PLAN ORSEC"},"content":{"rendered":"\n<p><span style=\"font-family: arial, helvetica, sans-serif;\"><span style=\"font-size: 12pt;\"><strong>ORSEC\u00a0:<\/strong> Organisation de la gestion de crise<\/span> <span style=\"font-size: 12pt;\">pour tous les plans d\u2019urgence<\/span><\/span><br \/><span style=\"font-size: 12pt; font-family: arial, helvetica, sans-serif;\">(Loi 2004 de modernisation de la s\u00e9curit\u00e9 civile &#8211; D\u00e9crets d&rsquo;application du 13\/09\/2005 &#8211; Articles L 741-1 et 2 et R 741-1 et suivants du Code de la S\u00e9curit\u00e9 int\u00e9rieure)<\/span><\/p>\n<p><span style=\"font-family: arial, helvetica, sans-serif; font-size: 12pt;\">Le plan ORSEC se compose de\u00a0:<\/span><\/p>\n<ul style=\"list-style-type: disc;\">\n<li><span style=\"font-size: 12pt; font-family: arial, helvetica, sans-serif;\">Des \u201cdispositions g\u00e9n\u00e9rales\u201d applicables \u00e0 tous types de catastrophes<\/span><\/li>\n<li><span style=\"font-size: 12pt; font-family: arial, helvetica, sans-serif;\">Des \u201cdispositions sp\u00e9cifiques\u201d pour chaque risque particulier dont POLMAR-Terre, ainsi que des constituants techniques<\/span><\/li>\n<\/ul>\n<p><img loading=\"lazy\" decoding=\"async\" class=\"aligncenter wp-image-973 size-full\" src=\"https:\/\/www.polmarterre.fr\/wp-content\/uploads\/schema_orsec.jpg\" alt=\"\" width=\"1002\" height=\"531\" srcset=\"https:\/\/www.polmarterre.fr\/wp-content\/uploads\/schema_orsec.jpg 1002w, https:\/\/www.polmarterre.fr\/wp-content\/uploads\/schema_orsec-300x159.jpg 300w, https:\/\/www.polmarterre.fr\/wp-content\/uploads\/schema_orsec-768x407.jpg 768w\" sizes=\"auto, (max-width: 1002px) 100vw, 1002px\" \/><\/p>\n<p><span style=\"font-size: 12pt; font-family: arial, helvetica, sans-serif;\">Les constituants techniques du dispositifs sp\u00e9cifique POLMAR-Terre\u00a0:<\/span><\/p>\n<ul>\n<li><span style=\"font-family: arial, helvetica, sans-serif; font-size: 12pt;\">Un atlas de sensibilit\u00e9<\/span><\/li>\n<li><span style=\"font-family: arial, helvetica, sans-serif; font-size: 12pt;\">La protection des sites sensibles r\u00e9ellement prot\u00e9geables par barrages<\/span><\/li>\n<li><span style=\"font-family: arial, helvetica, sans-serif; font-size: 12pt;\">La gestion des d\u00e9chets<\/span><\/li>\n<li><span style=\"font-family: arial, helvetica, sans-serif; font-size: 12pt;\">La gestion des chantiers sur le littoral et les pr\u00e9conisations pour le nettoyage et la restauration des milieux<\/span><\/li>\n<li><span style=\"font-family: arial, helvetica, sans-serif; font-size: 12pt;\">Les dispositions pour la faune<\/span><\/li>\n<li><span style=\"font-family: arial, helvetica, sans-serif; font-size: 12pt;\">Les aspects financiers et juridiques<\/span><\/li>\n<li><span style=\"font-family: arial, helvetica, sans-serif; font-size: 12pt;\">Organisation des mesures et analyses (en vue de suivis environnementaux ET \u00e0 des fins contentieuses et judiciaires)<\/span><\/li>\n<li><span style=\"font-family: arial, helvetica, sans-serif; font-size: 12pt;\">Gestion des p\u00eaches et salubrit\u00e9 des zones de productions marines<\/span><\/li>\n<li><span style=\"font-family: arial, helvetica, sans-serif; font-size: 12pt;\">Dispositifs sanitaires pour le personnel de lutte et pour les populations du littoral<\/span><\/li>\n<li><span style=\"font-family: arial, helvetica, sans-serif; font-size: 12pt;\">La gestion de l&rsquo;afflux des b\u00e9n\u00e9voles<\/span><\/li>\n<li><span style=\"font-family: arial, helvetica, sans-serif; font-size: 12pt;\">L\u2019inventaire des moyens disponibles<\/span><\/li>\n<li><span style=\"font-family: arial, helvetica, sans-serif; font-size: 12pt;\">L\u2019interface Terre-Mer<\/span><\/li>\n<\/ul>\n<p><span style=\"font-size: 12pt; font-family: arial, helvetica, sans-serif;\">Le dispositif POLMAR-Terre, interminist\u00e9riel, est confi\u00e9 localement aux pr\u00e9fets de d\u00e9partements (un plan Polmar-terre par d\u00e9partement).<\/span><\/p>\n<p><span style=\"font-family: arial, helvetica, sans-serif; font-size: 12pt;\">Les moyens mat\u00e9riels mis \u00e0 la disposition des pr\u00e9fets rel\u00e8vent principalement du Minist\u00e8re de la Mer.<\/span><\/p>\n<p><span style=\"font-family: arial, helvetica, sans-serif; font-size: 12pt;\">Plusieurs services impliqu\u00e9s\u00a0: La DGAMPA et le P\u00f4le National d\u2019Expertise POLMAR-Terre, la DEB, les DIRM<\/span>\u00a0<span style=\"font-family: arial, helvetica, sans-serif; font-size: 12pt;\">(centres de stockage), les DDTM ou DM (correspondant polmar), les DREAL ou DEAL, le Cedre.<\/span><\/p>\n<p><span style=\"font-size: 18pt;\"><strong>Efficacit\u00e9 du dispositif = actualisation en permanence<\/strong><\/span><\/p>\n<p><span style=\"font-family: arial, helvetica, sans-serif; font-size: 12pt;\">&#8211; Hors situation d\u2019urgence : <span style=\"text-decoration: underline;\"><strong>la \u00ab\u00a0pr\u00e9paration \u00e0 la lutte\u00a0\u00bb<\/strong><\/span>. Chaque service se pr\u00e9pare en actualisant le dispositif, en entretenant les mat\u00e9riels Polmar, en s\u2019entra\u00eenant gr\u00e2ce \u00e0 des exercices de simulation (1 tous les 3 ans par d\u00e9partement).<\/span><\/p>\n<p><span style=\"font-size: 12pt; font-family: arial, helvetica, sans-serif;\">&#8211; En situation d\u2019urgence : <span style=\"text-decoration: underline;\"><strong>la \u00ab\u00a0gestion de crise\u00a0\u00bb<\/strong><\/span>. <\/span><br \/><span style=\"font-size: 12pt; font-family: arial, helvetica, sans-serif;\">On met en \u0153uvre le dispositif pr\u00e9alablement pr\u00e9par\u00e9, on d\u00e9cide des mesures \u00e0 prendre devant l\u2019\u00e9v\u00e9nement.<\/span><\/p>\n","protected":false},"excerpt":{"rendered":"<p>ORSEC\u00a0: Organisation de la gestion de crise pour tous les plans d\u2019urgence(Loi 2004 de modernisation de la s\u00e9curit\u00e9 civile &#8211; D\u00e9crets d&rsquo;application du 13\/09\/2005 &#8211; Articles L 741-1 et 2 et R 741-1 et suivants du Code de la S\u00e9curit\u00e9 int\u00e9rieure) Le plan ORSEC se compose de\u00a0: Des \u201cdispositions g\u00e9n\u00e9rales\u201d applicables \u00e0 tous types de&hellip; <a href=\"https:\/\/www.polmarterre.fr\/index.php\/le-plan-polmar-dans-le-plan-orsec\/\" class=\"more-link\">Lire la suite <span class=\"screen-reader-text\">LE PLAN POLMAR dans LE PLAN ORSEC<\/span><\/a><\/p>\n","protected":false},"author":1,"featured_media":0,"parent":0,"menu_order":0,"comment_status":"closed","ping_status":"closed","template":"templates\/full-width-page.php","meta":{"footnotes":""},"class_list":["post-972","page","type-page","status-publish","hentry","without-featured-image"],"_links":{"self":[{"href":"https:\/\/www.polmarterre.fr\/index.php\/wp-json\/wp\/v2\/pages\/972","targetHints":{"allow":["GET"]}}],"collection":[{"href":"https:\/\/www.polmarterre.fr\/index.php\/wp-json\/wp\/v2\/pages"}],"about":[{"href":"https:\/\/www.polmarterre.fr\/index.php\/wp-json\/wp\/v2\/types\/page"}],"author":[{"embeddable":true,"href":"https:\/\/www.polmarterre.fr\/index.php\/wp-json\/wp\/v2\/users\/1"}],"replies":[{"embeddable":true,"href":"https:\/\/www.polmarterre.fr\/index.php\/wp-json\/wp\/v2\/comments?post=972"}],"version-history":[{"count":6,"href":"https:\/\/www.polmarterre.fr\/index.php\/wp-json\/wp\/v2\/pages\/972\/revisions"}],"predecessor-version":[{"id":1428,"href":"https:\/\/www.polmarterre.fr\/index.php\/wp-json\/wp\/v2\/pages\/972\/revisions\/1428"}],"wp:attachment":[{"href":"https:\/\/www.polmarterre.fr\/index.php\/wp-json\/wp\/v2\/media?parent=972"}],"curies":[{"name":"wp","href":"https:\/\/api.w.org\/{rel}","templated":true}]}}