{"id":84,"date":"2022-01-24T14:50:49","date_gmt":"2022-01-24T13:50:49","guid":{"rendered":"http:\/\/yzncjip.cluster031.hosting.ovh.net\/?page_id=84"},"modified":"2023-12-15T09:44:15","modified_gmt":"2023-12-15T08:44:15","slug":"extranet","status":"publish","type":"page","link":"https:\/\/www.polmarterre.fr\/index.php\/extranet\/","title":{"rendered":"Extranet"},"content":{"rendered":"\n<div id=\"page\" class=\"site\">\n<div id=\"content\" class=\"site-content\">\n<div class=\"content-wrapper without-featured-image\">\n<div id=\"primary\" class=\"content-area\"><main id=\"main\" class=\"site-main\" role=\"main\">\n<article id=\"post-1715\" class=\"post-1715 page type-page status-publish hentry without-featured-image\">\n<div class=\"entry-content\">\n<div id=\"page\" class=\"hfeed\">\n<div id=\"main\">\n<div id=\"primary\">\n<div id=\"content\" role=\"main\">\n<article id=\"post-1634\" class=\"post-1634 page type-page status-publish hentry\">\n<div class=\"entry-content\">\n<p><span style=\"font-family: arial, helvetica, sans-serif;\">Documentation POLMAR-Terre<\/span><\/p>\n<p><span style=\"font-family: arial, helvetica, sans-serif;\"><strong>Acc\u00e8s s\u00e9curis\u00e9\u00a0: CLIQUER SUR LE LIEN CI-DESSOUS<\/strong>. Pour tout renseignement contacter\u00a0: Sklerijenn Le Berre \u2013 P\u00f4le National d\u2019Expertise POLMAR-Terre<\/span><\/p>\n<p><a href=\"https:\/\/polmar.vpc.din.developpement-durable.gouv.fr\/presentation-polmar-a1349.html\" target=\"_blank\" rel=\"noopener\"><strong>Valise de permanence POLMAR-Terre (acc\u00e8s Cerb\u00e8re)<\/strong><\/a><\/p>\n<p>\u00a0<\/p>\n<p>\u00a0<\/p>\n<\/div>\n<\/article>\n<\/div>\n<\/div>\n<\/div>\n<\/div>\n<\/div>\n<\/article>\n<\/main><\/div>\n<\/div>\n<\/div>\n<\/div>\n\n\n","protected":false},"excerpt":{"rendered":"<p>Documentation POLMAR-Terre Acc\u00e8s s\u00e9curis\u00e9\u00a0: CLIQUER SUR LE LIEN CI-DESSOUS. Pour tout renseignement contacter\u00a0: Sklerijenn Le Berre \u2013 P\u00f4le National d\u2019Expertise POLMAR-Terre Valise de permanence POLMAR-Terre (acc\u00e8s Cerb\u00e8re) \u00a0 \u00a0<\/p>\n","protected":false},"author":1,"featured_media":0,"parent":0,"menu_order":0,"comment_status":"closed","ping_status":"closed","template":"templates\/full-width-page.php","meta":{"footnotes":""},"class_list":["post-84","page","type-page","status-publish","hentry","without-featured-image"],"_links":{"self":[{"href":"https:\/\/www.polmarterre.fr\/index.php\/wp-json\/wp\/v2\/pages\/84","targetHints":{"allow":["GET"]}}],"collection":[{"href":"https:\/\/www.polmarterre.fr\/index.php\/wp-json\/wp\/v2\/pages"}],"about":[{"href":"https:\/\/www.polmarterre.fr\/index.php\/wp-json\/wp\/v2\/types\/page"}],"author":[{"embeddable":true,"href":"https:\/\/www.polmarterre.fr\/index.php\/wp-json\/wp\/v2\/users\/1"}],"replies":[{"embeddable":true,"href":"https:\/\/www.polmarterre.fr\/index.php\/wp-json\/wp\/v2\/comments?post=84"}],"version-history":[{"count":16,"href":"https:\/\/www.polmarterre.fr\/index.php\/wp-json\/wp\/v2\/pages\/84\/revisions"}],"predecessor-version":[{"id":1516,"href":"https:\/\/www.polmarterre.fr\/index.php\/wp-json\/wp\/v2\/pages\/84\/revisions\/1516"}],"wp:attachment":[{"href":"https:\/\/www.polmarterre.fr\/index.php\/wp-json\/wp\/v2\/media?parent=84"}],"curies":[{"name":"wp","href":"https:\/\/api.w.org\/{rel}","templated":true}]}}