{"id":65,"date":"2022-01-24T14:26:58","date_gmt":"2022-01-24T13:26:58","guid":{"rendered":"http:\/\/yzncjip.cluster031.hosting.ovh.net\/?page_id=65"},"modified":"2024-05-03T13:47:22","modified_gmt":"2024-05-03T11:47:22","slug":"materiels","status":"publish","type":"page","link":"https:\/\/www.polmarterre.fr\/index.php\/materiels\/","title":{"rendered":"Mat\u00e9riels"},"content":{"rendered":"\n<p>\u00a0<\/p>\n<table style=\"width: 99.2871%; border-collapse: collapse; height: 190px;\">\n<tbody>\n<tr>\n<td style=\"width: 30.7116%;\"><span style=\"font-family: arial, helvetica, sans-serif;\"><img loading=\"lazy\" decoding=\"async\" class=\"wp-image-266 alignleft\" src=\"http:\/\/yzncjip.cluster031.hosting.ovh.net\/wp-content\/uploads\/2022\/01\/barrage-300x222.jpg\" alt=\"\" width=\"226\" height=\"167\" srcset=\"https:\/\/www.polmarterre.fr\/wp-content\/uploads\/2022\/01\/barrage-300x222.jpg 300w, https:\/\/www.polmarterre.fr\/wp-content\/uploads\/2022\/01\/barrage.jpg 379w\" sizes=\"auto, (max-width: 226px) 100vw, 226px\" \/><\/span><\/td>\n<td style=\"text-align: left; vertical-align: middle; width: 32.6755%;\"><span style=\"font-family: arial, helvetica, sans-serif;\"><img loading=\"lazy\" decoding=\"async\" class=\"alignleft wp-image-285\" src=\"http:\/\/yzncjip.cluster031.hosting.ovh.net\/wp-content\/uploads\/2022\/01\/recuperateur2-300x206.jpg\" alt=\"\" width=\"243\" height=\"167\" srcset=\"https:\/\/www.polmarterre.fr\/wp-content\/uploads\/2022\/01\/recuperateur2-300x206.jpg 300w, https:\/\/www.polmarterre.fr\/wp-content\/uploads\/2022\/01\/recuperateur2.jpg 303w\" sizes=\"auto, (max-width: 243px) 100vw, 243px\" \/><\/span><\/td>\n<td style=\"text-align: left; vertical-align: middle; width: 36.7346%;\">\n<p><img loading=\"lazy\" decoding=\"async\" class=\"alignleft wp-image-269\" src=\"http:\/\/yzncjip.cluster031.hosting.ovh.net\/wp-content\/uploads\/2022\/01\/sockage-300x168.jpg\" alt=\"\" width=\"302\" height=\"169\" srcset=\"https:\/\/www.polmarterre.fr\/wp-content\/uploads\/2022\/01\/sockage-300x168.jpg 300w, https:\/\/www.polmarterre.fr\/wp-content\/uploads\/2022\/01\/sockage.jpg 506w\" sizes=\"auto, (max-width: 302px) 100vw, 302px\" \/><\/p>\n<\/td>\n<\/tr>\n<\/tbody>\n<\/table>\n<p style=\"text-align: justify;\"><span style=\"font-family: arial, helvetica, sans-serif;\">Les mat\u00e9riels stock\u00e9s dans les centres POLMAR sont de gros mat\u00e9riels antipollution sp\u00e9cifiques acquis par la Direction des Affaires Maritimes avec l\u2019assistance technique du P\u00f4le National d\u2019Expertise POLMAR-Terre (achats centralis\u00e9s).<\/span><\/p>\n<p><span style=\"font-family: arial, helvetica, sans-serif;\">Ces mat\u00e9riels sont mobilisables par les Pr\u00e9fets de Zone de D\u00e9fense, sur demande des Pr\u00e9fets de D\u00e9partement.<\/span><\/p>\n<p><span style=\"font-family: arial, helvetica, sans-serif;\">En cliquant sur les liens ci-dessous, vous acc\u00e9derez aux listes des mat\u00e9riels ainsi qu\u2019aux fiches descriptives de certains des mat\u00e9riels. <\/span><span style=\"font-family: arial, helvetica, sans-serif;\">Les fiches descriptives sont en lecture seule.<br \/>Pour plus d\u2019informations, le PNE est \u00e0 votre disposition.<\/span><\/p>\n<table style=\"width: 100%; height: 50px;\" width=\"811\">\n<tbody>\n<tr style=\"height: 25px;\">\n<td style=\"height: 25px;\"><a href=\"https:\/\/www.polmarterre.fr\/wp-content\/uploads\/ancrages.pdf\"><span style=\"font-family: arial, helvetica, sans-serif;\"><strong>Ancrages<\/strong><\/span><\/a><\/td>\n<td style=\"height: 25px;\"><span style=\"font-family: arial, helvetica, sans-serif;\"><a href=\"https:\/\/www.polmarterre.fr\/wp-content\/uploads\/barrages.pdf\" rel=\"noopener\"><strong>Barrages<\/strong><\/a><\/span><\/td>\n<td style=\"height: 25px;\"><span style=\"font-family: arial, helvetica, sans-serif;\"><a href=\"https:\/\/www.polmarterre.fr\/wp-content\/uploads\/recuperation.pdf\" rel=\"noopener\"><strong>Mat\u00e9riels de r\u00e9cup\u00e9ration<\/strong><\/a><\/span><\/td>\n<\/tr>\n<tr style=\"height: 25px;\">\n<td style=\"height: 25px;\"><a href=\"https:\/\/www.polmarterre.fr\/wp-content\/uploads\/nettoyage.pdf\"><span style=\"font-family: arial, helvetica, sans-serif;\"><strong>Mat\u00e9riels de ne<\/strong><strong>t<\/strong><strong>toyage<\/strong><\/span><\/a><\/td>\n<td style=\"height: 25px;\"><span style=\"font-family: arial, helvetica, sans-serif;\"><a href=\"https:\/\/www.polmarterre.fr\/wp-content\/uploads\/stockage.pdf\" rel=\"noopener\"><strong>Mat\u00e9riels de stockage<\/strong><\/a><\/span><\/td>\n<td style=\"height: 25px;\"><span style=\"font-family: arial, helvetica, sans-serif;\"><a href=\"https:\/\/www.polmarterre.fr\/wp-content\/uploads\/moyen_services.pdf\" rel=\"noopener\"><strong>Les moyens de service<\/strong><\/a><\/span><\/td>\n<\/tr>\n<\/tbody>\n<\/table>\n","protected":false},"excerpt":{"rendered":"<p>\u00a0 Les mat\u00e9riels stock\u00e9s dans les centres POLMAR sont de gros mat\u00e9riels antipollution sp\u00e9cifiques acquis par la Direction des Affaires Maritimes avec l\u2019assistance technique du P\u00f4le National d\u2019Expertise POLMAR-Terre (achats centralis\u00e9s). Ces mat\u00e9riels sont mobilisables par les Pr\u00e9fets de Zone de D\u00e9fense, sur demande des Pr\u00e9fets de D\u00e9partement. En cliquant sur les liens ci-dessous, vous&hellip; <a href=\"https:\/\/www.polmarterre.fr\/index.php\/materiels\/\" class=\"more-link\">Lire la suite <span class=\"screen-reader-text\">Mat\u00e9riels<\/span><\/a><\/p>\n","protected":false},"author":1,"featured_media":0,"parent":0,"menu_order":0,"comment_status":"closed","ping_status":"closed","template":"templates\/full-width-page.php","meta":{"footnotes":""},"class_list":["post-65","page","type-page","status-publish","hentry","without-featured-image"],"_links":{"self":[{"href":"https:\/\/www.polmarterre.fr\/index.php\/wp-json\/wp\/v2\/pages\/65","targetHints":{"allow":["GET"]}}],"collection":[{"href":"https:\/\/www.polmarterre.fr\/index.php\/wp-json\/wp\/v2\/pages"}],"about":[{"href":"https:\/\/www.polmarterre.fr\/index.php\/wp-json\/wp\/v2\/types\/page"}],"author":[{"embeddable":true,"href":"https:\/\/www.polmarterre.fr\/index.php\/wp-json\/wp\/v2\/users\/1"}],"replies":[{"embeddable":true,"href":"https:\/\/www.polmarterre.fr\/index.php\/wp-json\/wp\/v2\/comments?post=65"}],"version-history":[{"count":42,"href":"https:\/\/www.polmarterre.fr\/index.php\/wp-json\/wp\/v2\/pages\/65\/revisions"}],"predecessor-version":[{"id":1643,"href":"https:\/\/www.polmarterre.fr\/index.php\/wp-json\/wp\/v2\/pages\/65\/revisions\/1643"}],"wp:attachment":[{"href":"https:\/\/www.polmarterre.fr\/index.php\/wp-json\/wp\/v2\/media?parent=65"}],"curies":[{"name":"wp","href":"https:\/\/api.w.org\/{rel}","templated":true}]}}