{"id":57,"date":"2022-01-24T14:17:33","date_gmt":"2022-01-24T13:17:33","guid":{"rendered":"http:\/\/yzncjip.cluster031.hosting.ovh.net\/?page_id=57"},"modified":"2022-12-13T14:33:52","modified_gmt":"2022-12-13T13:33:52","slug":"centres-de-stockage","status":"publish","type":"page","link":"https:\/\/www.polmarterre.fr\/index.php\/centres-de-stockage\/","title":{"rendered":"Centres de stockage"},"content":{"rendered":"\n<p><span style=\"font-family: arial, helvetica, sans-serif;\">Cr\u00e9ation en 1978, de&nbsp;14 Centres interd\u00e9partementaux de stockage de mat\u00e9riels de lutte, g\u00e9r\u00e9s par le minist\u00e8re de la Mer. Ils ont pour mission de stocker, entretenir et g\u00e9rer le mat\u00e9riel antipollution POLMAR-Terre.&nbsp;<\/span><\/p>\n\n\n\n<figure class=\"wp-block-table\"><table><tbody><tr><td><span style=\"font-family: arial, helvetica, sans-serif;\">M\u00e9tropole&nbsp;:<\/span><\/td><td><span style=\"font-family: arial, helvetica, sans-serif;\">Outre-Mer&nbsp;:<\/span><\/td><\/tr><tr><td><img loading=\"lazy\" decoding=\"async\" class=\"alignnone size-medium wp-image-319\" src=\"https:\/\/www.polmarterre.fr\/wp-content\/uploads\/2022\/01\/Carte_france_grande-300x274.jpg\" alt=\"\" width=\"300\" height=\"274\" srcset=\"https:\/\/www.polmarterre.fr\/wp-content\/uploads\/2022\/01\/Carte_france_grande-300x274.jpg 300w, https:\/\/www.polmarterre.fr\/wp-content\/uploads\/2022\/01\/Carte_france_grande.jpg 700w\" sizes=\"auto, (max-width: 300px) 100vw, 300px\" \/><\/td><td><img loading=\"lazy\" decoding=\"async\" width=\"400\" height=\"232\" class=\"alignnone wp-image-277 size-full\" style=\"width: 400px;\" src=\"https:\/\/www.polmarterre.fr\/wp-content\/uploads\/2022\/01\/carte_DOM.jpg\" alt=\"\" srcset=\"https:\/\/www.polmarterre.fr\/wp-content\/uploads\/2022\/01\/carte_DOM.jpg 1016w, https:\/\/www.polmarterre.fr\/wp-content\/uploads\/2022\/01\/carte_DOM-300x174.jpg 300w, https:\/\/www.polmarterre.fr\/wp-content\/uploads\/2022\/01\/carte_DOM-768x446.jpg 768w\" sizes=\"auto, (max-width: 400px) 100vw, 400px\" \/><\/td><\/tr><\/tbody><\/table><\/figure>\n\n\n\n<p>&nbsp;<\/p>\n","protected":false},"excerpt":{"rendered":"<p>Cr\u00e9ation en 1978, de&nbsp;14 Centres interd\u00e9partementaux de stockage de mat\u00e9riels de lutte, g\u00e9r\u00e9s par le minist\u00e8re de la Mer. Ils ont pour mission de stocker, entretenir et g\u00e9rer le mat\u00e9riel antipollution POLMAR-Terre.&nbsp; M\u00e9tropole&nbsp;: Outre-Mer&nbsp;: &nbsp;<\/p>\n","protected":false},"author":1,"featured_media":0,"parent":0,"menu_order":0,"comment_status":"closed","ping_status":"closed","template":"templates\/full-width-page.php","meta":{"footnotes":""},"class_list":["post-57","page","type-page","status-publish","hentry","without-featured-image"],"_links":{"self":[{"href":"https:\/\/www.polmarterre.fr\/index.php\/wp-json\/wp\/v2\/pages\/57","targetHints":{"allow":["GET"]}}],"collection":[{"href":"https:\/\/www.polmarterre.fr\/index.php\/wp-json\/wp\/v2\/pages"}],"about":[{"href":"https:\/\/www.polmarterre.fr\/index.php\/wp-json\/wp\/v2\/types\/page"}],"author":[{"embeddable":true,"href":"https:\/\/www.polmarterre.fr\/index.php\/wp-json\/wp\/v2\/users\/1"}],"replies":[{"embeddable":true,"href":"https:\/\/www.polmarterre.fr\/index.php\/wp-json\/wp\/v2\/comments?post=57"}],"version-history":[{"count":28,"href":"https:\/\/www.polmarterre.fr\/index.php\/wp-json\/wp\/v2\/pages\/57\/revisions"}],"predecessor-version":[{"id":1409,"href":"https:\/\/www.polmarterre.fr\/index.php\/wp-json\/wp\/v2\/pages\/57\/revisions\/1409"}],"wp:attachment":[{"href":"https:\/\/www.polmarterre.fr\/index.php\/wp-json\/wp\/v2\/media?parent=57"}],"curies":[{"name":"wp","href":"https:\/\/api.w.org\/{rel}","templated":true}]}}