{"id":550,"date":"2022-03-25T10:26:00","date_gmt":"2022-03-25T09:26:00","guid":{"rendered":"http:\/\/yzncjip.cluster031.hosting.ovh.net\/?page_id=550"},"modified":"2024-05-28T08:40:38","modified_gmt":"2024-05-28T06:40:38","slug":"liens","status":"publish","type":"page","link":"https:\/\/www.polmarterre.fr\/index.php\/liens\/","title":{"rendered":"Liens"},"content":{"rendered":"\n<p><span style=\"font-family: arial, helvetica, sans-serif;\"><a href=\"https:\/\/www.mer.gouv.fr\/\" rel=\"noopener\">Secr\u00e9tariat charg\u00e9 de la Mer et de la biodiversit\u00e9<\/a><br \/><a href=\"https:\/\/www.ecologie.gouv.fr\/\" rel=\"noopener\">Minist\u00e8re de la Transition \u00c9cologique et d la Coh\u00e9sion des Territoires<\/a><br \/><a href=\"https:\/\/wwz.cedre.fr\/\" rel=\"noopener\">Cedre<\/a><\/span><\/p>\n","protected":false},"excerpt":{"rendered":"<p>Secr\u00e9tariat charg\u00e9 de la Mer et de la biodiversit\u00e9Minist\u00e8re de la Transition \u00c9cologique et d la Coh\u00e9sion des TerritoiresCedre<\/p>\n","protected":false},"author":1,"featured_media":0,"parent":0,"menu_order":0,"comment_status":"closed","ping_status":"closed","template":"templates\/full-width-page.php","meta":{"footnotes":""},"class_list":["post-550","page","type-page","status-publish","hentry","without-featured-image"],"_links":{"self":[{"href":"https:\/\/www.polmarterre.fr\/index.php\/wp-json\/wp\/v2\/pages\/550","targetHints":{"allow":["GET"]}}],"collection":[{"href":"https:\/\/www.polmarterre.fr\/index.php\/wp-json\/wp\/v2\/pages"}],"about":[{"href":"https:\/\/www.polmarterre.fr\/index.php\/wp-json\/wp\/v2\/types\/page"}],"author":[{"embeddable":true,"href":"https:\/\/www.polmarterre.fr\/index.php\/wp-json\/wp\/v2\/users\/1"}],"replies":[{"embeddable":true,"href":"https:\/\/www.polmarterre.fr\/index.php\/wp-json\/wp\/v2\/comments?post=550"}],"version-history":[{"count":12,"href":"https:\/\/www.polmarterre.fr\/index.php\/wp-json\/wp\/v2\/pages\/550\/revisions"}],"predecessor-version":[{"id":1572,"href":"https:\/\/www.polmarterre.fr\/index.php\/wp-json\/wp\/v2\/pages\/550\/revisions\/1572"}],"wp:attachment":[{"href":"https:\/\/www.polmarterre.fr\/index.php\/wp-json\/wp\/v2\/media?parent=550"}],"curies":[{"name":"wp","href":"https:\/\/api.w.org\/{rel}","templated":true}]}}