{"id":542,"date":"2022-03-25T09:59:35","date_gmt":"2022-03-25T08:59:35","guid":{"rendered":"http:\/\/yzncjip.cluster031.hosting.ovh.net\/?page_id=542"},"modified":"2022-09-26T16:06:09","modified_gmt":"2022-09-26T14:06:09","slug":"instructions","status":"publish","type":"page","link":"https:\/\/www.polmarterre.fr\/index.php\/instructions\/","title":{"rendered":"Instructions"},"content":{"rendered":"\n<ul class=\"spip\">\n<li>\n<pre><span style=\"font-family: arial, helvetica, sans-serif; font-size: 14pt;\"><a href=\"https:\/\/www.polmarterre.fr\/wp-content\/uploads\/2022-07-19_instruction_lutte_pollution_milieu_marin_cir_45367.pdf\" target=\"_blank\" rel=\"noopener\"><strong>Instruction du 19 juillet 2022<\/strong><\/a> relative \u00e0 la lutte contre la pollution du milieu marin<\/span><\/pre>\n<\/li>\n<li style=\"text-align: justify;\">\n<pre><span style=\"font-family: arial, helvetica, sans-serif; font-size: 14pt;\"><a href=\"https:\/\/www.polmarterre.fr\/wp-content\/uploads\/2022\/03\/2018_03_05_instruction_du_premier_ministre_du_5_mars_2018_financement_polmar_de_crise-1_cle2eac56-1.pdf\" target=\"_blank\" rel=\"noopener\"><strong>Instruction du 5 mars 2018<\/strong><\/a> relative \u00e0 l\u2019engagement et au financement des mesures de protection ou de lutte contre les pollutions marines (financement POLMAR de crise)<span class=\"spip_document_182677150 spip_documents\"> (format pdf - 346.4 ko - 20\/09\/2019)<\/span><\/span><\/pre>\n<\/li>\n<\/ul>\n<ul class=\"spip\">\n<li style=\"text-align: justify;\"><span style=\"font-family: arial, helvetica, sans-serif;\"><a href=\"https:\/\/www.polmarterre.fr\/wp-content\/uploads\/2022\/03\/instruction_2014-08-22_devk1329457c_-_role_dirm_dreal_etc_en_gestion_crise_cle558b16-1.pdf\" target=\"_blank\" rel=\"noopener\"><strong>Instruction du 22 ao\u00fbt 2014<\/strong><\/a> relative au r\u00f4le des DIRM, DM, DREAL, DRIEA, DRIEE, DRIHL, DEAL, DIR dans la pr\u00e9vention des crises et la gestion des situations d\u2019urgence et de post-crise dans les domaines de comp\u00e9tence du MEDDE et du MLET <span class=\"spip_document_182677151 spip_documents\">(format pdf &#8211; 149.5 ko &#8211; 20\/09\/2019)<\/span><\/span><\/li>\n<\/ul>\n<ul class=\"spip\" style=\"text-align: justify;\">\n<li><span style=\"font-family: arial, helvetica, sans-serif;\"><strong><a href=\"https:\/\/www.polmarterre.fr\/wp-content\/uploads\/2022\/03\/instruction_2014-10-07_-_role_ddi_en_preparation_et_gestion_crise_cle2894f3-1.pdf\" target=\"_blank\" rel=\"noopener\">Instruction du 07 octobre 2014<\/a>\u00a0<\/strong>relative au r\u00f4le des directions d\u00e9partementales interminist\u00e9rielles (DDI) dans la pr\u00e9vention, la pr\u00e9paration, la gestion de la crise et de la poste crise<span class=\"spip_document_182677152 spip_documents\">\u00a0(format pdf &#8211; 638.1 ko &#8211; 20\/09\/2019)<\/span><\/span><\/li>\n<\/ul>\n<ul class=\"spip\" style=\"text-align: justify;\">\n<li><span style=\"font-family: arial, helvetica, sans-serif;\"><a href=\"https:\/\/www.polmarterre.fr\/wp-content\/uploads\/2022\/03\/instruction_2009-05-28_-_orsec_general_maritime_-_zonale_-_departemental_face_aux_evenements_maritimes_cle71c98d-1.pdf\" target=\"_blank\" rel=\"noopener\"><strong>Instruction du 28 mai 2009<\/strong><\/a> relative aux dispositions g\u00e9n\u00e9rales de l\u2019ORSEC maritime, de l\u2019ORSEC zonale et de l\u2019ORSEC d\u00e9partementale pour faire face aux \u00e9v\u00e9nements maritimes majeurs<span class=\"spip_document_182677153 spip_documents\">\u00a0(format pdf &#8211; 607.9 ko &#8211; 20\/09\/2019)<\/span><\/span><\/li>\n<\/ul>\n<ul class=\"spip\" style=\"text-align: justify;\">\n<li><span style=\"font-family: arial, helvetica, sans-serif;\"><strong><a href=\"https:\/\/www.polmarterre.fr\/wp-content\/uploads\/2022\/03\/instruction_2006-01-11_-_lutte_pollution_cle75dc1b-1.pdf\" target=\"_blank\" rel=\"noopener\">Instruction du 11 janvier 2006<\/a>\u00a0<\/strong>portant adaptation de la r\u00e9glementation relative \u00e0 la lutte contre la pollution du milieu marin (POLMAR)<span class=\"spip_document_182677154 spip_documents\">\u00a0(format pdf &#8211; 60.7 ko &#8211; 20\/09\/2019)<\/span><\/span><\/li>\n<\/ul>\n<ul class=\"spip\">\n<li style=\"text-align: justify;\"><span style=\"font-family: arial, helvetica, sans-serif;\"><a href=\"https:\/\/www.polmarterre.fr\/wp-content\/uploads\/2022\/03\/instruction_2002-07-15_-_adaptation_a_certaines_collectivites_d_outre-mer_de_l_instruction_relative_a_la_lutte_contre_la_pollution_cle7235df-1.pdf\" target=\"_blank\" rel=\"noopener\"><strong>Instruction du 15 juillet 2002<\/strong><\/a> portant adaptation \u00e0 certaines collectivit\u00e9s d\u2019outre-mer de l\u2019instruction relative \u00e0 la lutte contre la pollution du milieu marin (documentation nationale POLMAR)<span class=\"spip_document_182677155 spip_documents\">\u00a0(format pdf &#8211; 40.6 ko &#8211; 20\/09\/2019)<\/span><\/span><\/li>\n<\/ul>\n<ul class=\"spip\">\n<li style=\"text-align: justify;\"><span style=\"font-family: arial, helvetica, sans-serif;\"><a href=\"https:\/\/www.polmarterre.fr\/wp-content\/uploads\/2022\/03\/instruction_2002-03-04_-_lutte_contre_la_pollution_cle72364c-1.pdf\" target=\"_blank\" rel=\"noopener\"><strong>Instruction du 4 mars 2002<\/strong><\/a> relative \u00e0 la lutte contre la pollution du milieu marin (documentation nationale POLMAR)<span class=\"spip_document_182677156 spip_documents\">\u00a0(format pdf &#8211; 178.9 ko &#8211; 20\/09\/2019)<\/span><\/span><\/li>\n<\/ul>\n<ul class=\"spip\">\n<li style=\"text-align: justify;\">\n<pre><span style=\"font-family: arial, helvetica, sans-serif;\"><a href=\"https:\/\/www.polmarterre.fr\/wp-content\/uploads\/2022\/03\/instruction_1992-04-01_-_gestion_des_problemes_juridiques_lors_d_une_pollution_cle55f4f1-1.pdf\" target=\"_blank\" rel=\"noopener\"><strong>Instruction du 1er avril 1992<\/strong><\/a> relative aux probl\u00e8mes juridiques et contentieux li\u00e9s aux pollutions marines accidentelles <span class=\"spip_document_182677157 spip_documents\">(format pdf - 743.1 ko - 20\/09\/2019)<\/span><\/span><\/pre>\n<\/li>\n<\/ul>\n","protected":false},"excerpt":{"rendered":"<p>Instruction du 19 juillet 2022 relative \u00e0 la lutte contre la pollution du milieu marin Instruction du 5 mars 2018 relative \u00e0 l\u2019engagement et au financement des mesures de protection ou de lutte contre les pollutions marines (financement POLMAR de crise) (format pdf &#8211; 346.4 ko &#8211; 20\/09\/2019) Instruction du 22 ao\u00fbt 2014 relative au&hellip; <a href=\"https:\/\/www.polmarterre.fr\/index.php\/instructions\/\" class=\"more-link\">Lire la suite <span class=\"screen-reader-text\">Instructions<\/span><\/a><\/p>\n","protected":false},"author":1,"featured_media":0,"parent":0,"menu_order":0,"comment_status":"closed","ping_status":"closed","template":"templates\/full-width-page.php","meta":{"footnotes":""},"class_list":["post-542","page","type-page","status-publish","hentry","without-featured-image"],"_links":{"self":[{"href":"https:\/\/www.polmarterre.fr\/index.php\/wp-json\/wp\/v2\/pages\/542","targetHints":{"allow":["GET"]}}],"collection":[{"href":"https:\/\/www.polmarterre.fr\/index.php\/wp-json\/wp\/v2\/pages"}],"about":[{"href":"https:\/\/www.polmarterre.fr\/index.php\/wp-json\/wp\/v2\/types\/page"}],"author":[{"embeddable":true,"href":"https:\/\/www.polmarterre.fr\/index.php\/wp-json\/wp\/v2\/users\/1"}],"replies":[{"embeddable":true,"href":"https:\/\/www.polmarterre.fr\/index.php\/wp-json\/wp\/v2\/comments?post=542"}],"version-history":[{"count":24,"href":"https:\/\/www.polmarterre.fr\/index.php\/wp-json\/wp\/v2\/pages\/542\/revisions"}],"predecessor-version":[{"id":1376,"href":"https:\/\/www.polmarterre.fr\/index.php\/wp-json\/wp\/v2\/pages\/542\/revisions\/1376"}],"wp:attachment":[{"href":"https:\/\/www.polmarterre.fr\/index.php\/wp-json\/wp\/v2\/media?parent=542"}],"curies":[{"name":"wp","href":"https:\/\/api.w.org\/{rel}","templated":true}]}}