{"id":504,"date":"2022-01-27T15:48:34","date_gmt":"2022-01-27T14:48:34","guid":{"rendered":"http:\/\/yzncjip.cluster031.hosting.ovh.net\/?page_id=504"},"modified":"2022-07-26T11:28:41","modified_gmt":"2022-07-26T09:28:41","slug":"exercices-organises-par-le-centre-de-la-guadeloupe","status":"publish","type":"page","link":"https:\/\/www.polmarterre.fr\/index.php\/exercices-organises-par-le-centre-de-la-guadeloupe\/","title":{"rendered":"Exercices organis\u00e9s avec le centre de la Guadeloupe"},"content":{"rendered":"\n<p><img loading=\"lazy\" decoding=\"async\" class=\"alignnone size-medium wp-image-133\" src=\"http:\/\/yzncjip.cluster031.hosting.ovh.net\/wp-content\/uploads\/2022\/01\/guadeloupe-300x266.jpg\" alt=\"\" width=\"300\" height=\"266\" srcset=\"https:\/\/www.polmarterre.fr\/wp-content\/uploads\/2022\/01\/guadeloupe-300x266.jpg 300w, https:\/\/www.polmarterre.fr\/wp-content\/uploads\/2022\/01\/guadeloupe.jpg 409w\" sizes=\"auto, (max-width: 300px) 100vw, 300px\" \/><\/p>\n<p><span style=\"font-family: arial, helvetica, sans-serif; color: #0000ff;\">Pointe \u00e0 Pitre (971)<\/span><\/p>\n<ul>\n<li>\n<p><span style=\"font-family: arial, helvetica, sans-serif; color: #0000ff;\">1986 : Gosier (Plage de la Caille d\u2019Argent)<\/span><\/p>\n<\/li>\n<li>\n<p><span style=\"font-family: arial, helvetica, sans-serif; color: #0000ff;\">1994 : Pointe \u00e0 Pitre<\/span><\/p>\n<\/li>\n<li>\n<p><span style=\"font-family: arial, helvetica, sans-serif; color: #0000ff;\">1999 : Pointe \u00e0 pitre (La Rivi\u00e8re Sal\u00e9e)<\/span><\/p>\n<\/li>\n<li>\n<p><span style=\"font-family: arial, helvetica, sans-serif; color: #0000ff;\">2006 : Gosier (Les Salines)<\/span><\/p>\n<\/li>\n<li>\n<p><span style=\"font-family: arial, helvetica, sans-serif; color: #0000ff;\">2011 : Goyave (Plage Saint claire)<\/span><\/p>\n<\/li>\n<li>\n<p><span style=\"font-family: arial, helvetica, sans-serif; color: #0000ff;\">2014 : St Barthelemy<\/span><\/p>\n<\/li>\n<li>\n<p><span style=\"font-family: arial, helvetica, sans-serif; color: #0000ff;\">2016 : Pointe \u00e0 Pitre<\/span><\/p>\n<\/li>\n<li>\n<p><span style=\"font-family: arial, helvetica, sans-serif; color: #0000ff;\">2017 : St Martin<\/span><\/p>\n<\/li>\n<li><span style=\"color: #0000ff; font-family: arial, helvetica, sans-serif;\">2022 : Pont de la Gabarre &#8211; Lauricisque<\/span><\/li>\n<\/ul>\n","protected":false},"excerpt":{"rendered":"<p>Pointe \u00e0 Pitre (971) 1986 : Gosier (Plage de la Caille d\u2019Argent) 1994 : Pointe \u00e0 Pitre 1999 : Pointe \u00e0 pitre (La Rivi\u00e8re Sal\u00e9e) 2006 : Gosier (Les Salines) 2011 : Goyave (Plage Saint claire) 2014 : St Barthelemy 2016 : Pointe \u00e0 Pitre 2017 : St Martin 2022 : Pont de la Gabarre&hellip; <a href=\"https:\/\/www.polmarterre.fr\/index.php\/exercices-organises-par-le-centre-de-la-guadeloupe\/\" class=\"more-link\">Lire la suite <span class=\"screen-reader-text\">Exercices organis\u00e9s avec le centre de la Guadeloupe<\/span><\/a><\/p>\n","protected":false},"author":1,"featured_media":0,"parent":0,"menu_order":0,"comment_status":"closed","ping_status":"closed","template":"templates\/full-width-page.php","meta":{"footnotes":""},"class_list":["post-504","page","type-page","status-publish","hentry","without-featured-image"],"_links":{"self":[{"href":"https:\/\/www.polmarterre.fr\/index.php\/wp-json\/wp\/v2\/pages\/504","targetHints":{"allow":["GET"]}}],"collection":[{"href":"https:\/\/www.polmarterre.fr\/index.php\/wp-json\/wp\/v2\/pages"}],"about":[{"href":"https:\/\/www.polmarterre.fr\/index.php\/wp-json\/wp\/v2\/types\/page"}],"author":[{"embeddable":true,"href":"https:\/\/www.polmarterre.fr\/index.php\/wp-json\/wp\/v2\/users\/1"}],"replies":[{"embeddable":true,"href":"https:\/\/www.polmarterre.fr\/index.php\/wp-json\/wp\/v2\/comments?post=504"}],"version-history":[{"count":3,"href":"https:\/\/www.polmarterre.fr\/index.php\/wp-json\/wp\/v2\/pages\/504\/revisions"}],"predecessor-version":[{"id":1055,"href":"https:\/\/www.polmarterre.fr\/index.php\/wp-json\/wp\/v2\/pages\/504\/revisions\/1055"}],"wp:attachment":[{"href":"https:\/\/www.polmarterre.fr\/index.php\/wp-json\/wp\/v2\/media?parent=504"}],"curies":[{"name":"wp","href":"https:\/\/api.w.org\/{rel}","templated":true}]}}