{"id":483,"date":"2022-01-27T15:25:30","date_gmt":"2022-01-27T14:25:30","guid":{"rendered":"http:\/\/yzncjip.cluster031.hosting.ovh.net\/?page_id=483"},"modified":"2022-01-28T09:37:51","modified_gmt":"2022-01-28T08:37:51","slug":"references-des-plans-orsec-polmar-terre-saint-pierre-et-miquelon","status":"publish","type":"page","link":"https:\/\/www.polmarterre.fr\/index.php\/references-des-plans-orsec-polmar-terre-saint-pierre-et-miquelon\/","title":{"rendered":"R\u00e9f\u00e9rences des plans Orsec\/ Polmar terre : Saint Pierre et Miquelon"},"content":{"rendered":"\n<h4 class=\"western\"><span style=\"font-family: arial, helvetica, sans-serif;\"><b>Collectivit\u00e9 Territoriale de St Pierre et Miquelon<\/b><\/span><\/h4>\n<p style=\"padding-left: 40px;\"><span style=\"font-family: arial, helvetica, sans-serif;\">Date d\u2019approbation du plan initial POLMAR-Terre :\u00a0<span style=\"color: #0000ff;\"><b>1996<\/b><\/span><\/span><br \/><span style=\"font-family: arial, helvetica, sans-serif;\">Date du dernier arr\u00eat\u00e9 pr\u00e9fectoral :\u00a0<span style=\"color: #0000ff;\"><b>01\/02\/1999<\/b><\/span><\/span><br \/><span style=\"font-family: arial, helvetica, sans-serif;\">Date de la derni\u00e8re r\u00e9vision ou mise \u00e0 jour :\u00a0<span style=\"color: #0000ff;\"><b>05\/2003<\/b><\/span><\/span><br \/><span style=\"font-family: arial, helvetica, sans-serif;\">R\u00e9vision en cours :\u00a0<span style=\"color: #0000ff;\"><b>oui<\/b><\/span><\/span><\/p>\n","protected":false},"excerpt":{"rendered":"<p>Collectivit\u00e9 Territoriale de St Pierre et Miquelon Date d\u2019approbation du plan initial POLMAR-Terre :\u00a01996Date du dernier arr\u00eat\u00e9 pr\u00e9fectoral :\u00a001\/02\/1999Date de la derni\u00e8re r\u00e9vision ou mise \u00e0 jour :\u00a005\/2003R\u00e9vision en cours :\u00a0oui<\/p>\n","protected":false},"author":1,"featured_media":0,"parent":0,"menu_order":0,"comment_status":"closed","ping_status":"closed","template":"templates\/full-width-page.php","meta":{"footnotes":""},"class_list":["post-483","page","type-page","status-publish","hentry","without-featured-image"],"_links":{"self":[{"href":"https:\/\/www.polmarterre.fr\/index.php\/wp-json\/wp\/v2\/pages\/483","targetHints":{"allow":["GET"]}}],"collection":[{"href":"https:\/\/www.polmarterre.fr\/index.php\/wp-json\/wp\/v2\/pages"}],"about":[{"href":"https:\/\/www.polmarterre.fr\/index.php\/wp-json\/wp\/v2\/types\/page"}],"author":[{"embeddable":true,"href":"https:\/\/www.polmarterre.fr\/index.php\/wp-json\/wp\/v2\/users\/1"}],"replies":[{"embeddable":true,"href":"https:\/\/www.polmarterre.fr\/index.php\/wp-json\/wp\/v2\/comments?post=483"}],"version-history":[{"count":1,"href":"https:\/\/www.polmarterre.fr\/index.php\/wp-json\/wp\/v2\/pages\/483\/revisions"}],"predecessor-version":[{"id":484,"href":"https:\/\/www.polmarterre.fr\/index.php\/wp-json\/wp\/v2\/pages\/483\/revisions\/484"}],"wp:attachment":[{"href":"https:\/\/www.polmarterre.fr\/index.php\/wp-json\/wp\/v2\/media?parent=483"}],"curies":[{"name":"wp","href":"https:\/\/api.w.org\/{rel}","templated":true}]}}