{"id":48,"date":"2022-01-24T14:02:55","date_gmt":"2022-01-24T13:02:55","guid":{"rendered":"http:\/\/yzncjip.cluster031.hosting.ovh.net\/?page_id=48"},"modified":"2022-09-01T13:33:44","modified_gmt":"2022-09-01T11:33:44","slug":"legislation","status":"publish","type":"page","link":"https:\/\/www.polmarterre.fr\/index.php\/legislation\/","title":{"rendered":"L\u00e9gislation"},"content":{"rendered":"\n<p><img loading=\"lazy\" decoding=\"async\" class=\"alignnone wp-image-271 size-full\" src=\"https:\/\/www.polmarterre.fr\/wp-content\/uploads\/2022\/01\/legislation.jpg\" alt=\"\" width=\"929\" height=\"417\" srcset=\"https:\/\/www.polmarterre.fr\/wp-content\/uploads\/2022\/01\/legislation.jpg 929w, https:\/\/www.polmarterre.fr\/wp-content\/uploads\/2022\/01\/legislation-300x135.jpg 300w, https:\/\/www.polmarterre.fr\/wp-content\/uploads\/2022\/01\/legislation-768x345.jpg 768w\" sizes=\"auto, (max-width: 929px) 100vw, 929px\" \/><\/p>\n<p><span style=\"font-family: arial, helvetica, sans-serif;\">La premi\u00e8re organisation sp\u00e9cifique POLMAR a vu le jour en France en 1970 pour tirer les enseignements de la mar\u00e9e noire provoqu\u00e9e par le TORREY CANYON.<\/span><br \/><span style=\"font-family: arial, helvetica, sans-serif;\">La premi\u00e8re instruction POLMAR du Premier ministre de 1970 traitait seulement des mesures d\u2019intervention, en situation de mar\u00e9e noire effective.<\/span><br \/><span style=\"font-family: arial, helvetica, sans-serif;\">Depuis les instructions ont \u00e9t\u00e9 actualis\u00e9es et compl\u00e9t\u00e9es en fonction des exp\u00e9riences v\u00e9cues (accidents de l\u2019Amoco-Cadiz, de l\u2019Erika, du Prestige\u2026).<\/span><br \/><span style=\"font-family: arial, helvetica, sans-serif;\">Elles ne traitent plus seulement d\u2019intervention, mais aussi de pr\u00e9vention et de \u201cpr\u00e9paration \u00e0 la lutte\u201d : d\u00e8s 1978, il y a obligation pour chaque d\u00e9partement de se doter d\u2019un plan Polmar-terre.<\/span><\/p>\n<p>\u00a0<\/p>\n","protected":false},"excerpt":{"rendered":"<p>La premi\u00e8re organisation sp\u00e9cifique POLMAR a vu le jour en France en 1970 pour tirer les enseignements de la mar\u00e9e noire provoqu\u00e9e par le TORREY CANYON.La premi\u00e8re instruction POLMAR du Premier ministre de 1970 traitait seulement des mesures d\u2019intervention, en situation de mar\u00e9e noire effective.Depuis les instructions ont \u00e9t\u00e9 actualis\u00e9es et compl\u00e9t\u00e9es en fonction des&hellip; <a href=\"https:\/\/www.polmarterre.fr\/index.php\/legislation\/\" class=\"more-link\">Lire la suite <span class=\"screen-reader-text\">L\u00e9gislation<\/span><\/a><\/p>\n","protected":false},"author":1,"featured_media":0,"parent":0,"menu_order":0,"comment_status":"closed","ping_status":"closed","template":"templates\/full-width-page.php","meta":{"footnotes":""},"class_list":["post-48","page","type-page","status-publish","hentry","without-featured-image"],"_links":{"self":[{"href":"https:\/\/www.polmarterre.fr\/index.php\/wp-json\/wp\/v2\/pages\/48","targetHints":{"allow":["GET"]}}],"collection":[{"href":"https:\/\/www.polmarterre.fr\/index.php\/wp-json\/wp\/v2\/pages"}],"about":[{"href":"https:\/\/www.polmarterre.fr\/index.php\/wp-json\/wp\/v2\/types\/page"}],"author":[{"embeddable":true,"href":"https:\/\/www.polmarterre.fr\/index.php\/wp-json\/wp\/v2\/users\/1"}],"replies":[{"embeddable":true,"href":"https:\/\/www.polmarterre.fr\/index.php\/wp-json\/wp\/v2\/comments?post=48"}],"version-history":[{"count":18,"href":"https:\/\/www.polmarterre.fr\/index.php\/wp-json\/wp\/v2\/pages\/48\/revisions"}],"predecessor-version":[{"id":1235,"href":"https:\/\/www.polmarterre.fr\/index.php\/wp-json\/wp\/v2\/pages\/48\/revisions\/1235"}],"wp:attachment":[{"href":"https:\/\/www.polmarterre.fr\/index.php\/wp-json\/wp\/v2\/media?parent=48"}],"curies":[{"name":"wp","href":"https:\/\/api.w.org\/{rel}","templated":true}]}}