{"id":471,"date":"2022-01-27T15:15:22","date_gmt":"2022-01-27T14:15:22","guid":{"rendered":"http:\/\/yzncjip.cluster031.hosting.ovh.net\/?page_id=471"},"modified":"2022-01-28T09:19:31","modified_gmt":"2022-01-28T08:19:31","slug":"references-des-plans-orsec-polmar-terre-haute-corse-corse-du-sud","status":"publish","type":"page","link":"https:\/\/www.polmarterre.fr\/index.php\/references-des-plans-orsec-polmar-terre-haute-corse-corse-du-sud\/","title":{"rendered":"R\u00e9f\u00e9rences des plans Orsec\/ Polmar terre : Haute corse, Corse du Sud"},"content":{"rendered":"\n<div class=\"entry-content\">\n<h4 class=\"western\"><span style=\"font-family: arial, helvetica, sans-serif;\"><b>D\u00e9partement de Haute-Corse<\/b><\/span><\/h4>\n<p style=\"padding-left: 40px;\"><span style=\"font-family: arial, helvetica, sans-serif;\">Date d\u2019approbation du plan initial Orsec\/Polmar-Terre :&nbsp;<span style=\"color: #0000ff;\"><b>12\/02\/1992<\/b><\/span><\/span><br><span style=\"font-family: arial, helvetica, sans-serif;\">Date du dernier arr\u00eat\u00e9 pr\u00e9fectoral :&nbsp;<span style=\"color: #0000ff;\"><b>ao\u00fbt 2015<\/b><\/span><\/span><br><span style=\"font-family: arial, helvetica, sans-serif;\">Date de la derni\u00e8re r\u00e9vision ou mise \u00e0 jour : ao\u00fbt 2015<\/span><br><span style=\"font-family: arial, helvetica, sans-serif;\">R\u00e9vision en cours :&nbsp;<span style=\"color: #0000ff;\"><b>non<\/b><\/span><\/span><\/p>\n<h4 class=\"western\"><span style=\"font-family: arial, helvetica, sans-serif;\">D\u00e9partement de Corse-du-Sud<\/span><\/h4>\n<p style=\"padding-left: 40px;\"><span style=\"font-family: arial, helvetica, sans-serif;\">Date d\u2019approbation du plan initial Orsec\/Polmar-Terre :&nbsp;<span style=\"color: #0000ff;\"><b>1979<\/b><\/span><\/span><br><span style=\"font-family: arial, helvetica, sans-serif;\">Date du dernier arr\u00eat\u00e9 pr\u00e9fectoral :&nbsp;<span style=\"color: #0000ff;\"><b>mai 2016<\/b><\/span><\/span><br><span style=\"font-family: arial, helvetica, sans-serif;\">Date de la derni\u00e8re r\u00e9vision ou mise \u00e0 jour :<\/span><br><span style=\"font-family: arial, helvetica, sans-serif;\">R\u00e9vision en cours :&nbsp;<span style=\"color: #0000ff;\"><b>non<\/b><\/span><\/span><\/p>\n<\/div>\n\n\n","protected":false},"excerpt":{"rendered":"<p>D\u00e9partement de Haute-Corse Date d\u2019approbation du plan initial Orsec\/Polmar-Terre :&nbsp;12\/02\/1992Date du dernier arr\u00eat\u00e9 pr\u00e9fectoral :&nbsp;ao\u00fbt 2015Date de la derni\u00e8re r\u00e9vision ou mise \u00e0 jour : ao\u00fbt 2015R\u00e9vision en cours :&nbsp;non D\u00e9partement de Corse-du-Sud Date d\u2019approbation du plan initial Orsec\/Polmar-Terre :&nbsp;1979Date du dernier arr\u00eat\u00e9 pr\u00e9fectoral :&nbsp;mai 2016Date de la derni\u00e8re r\u00e9vision ou mise \u00e0 jour :R\u00e9vision&hellip; <a href=\"https:\/\/www.polmarterre.fr\/index.php\/references-des-plans-orsec-polmar-terre-haute-corse-corse-du-sud\/\" class=\"more-link\">Lire la suite <span class=\"screen-reader-text\">R\u00e9f\u00e9rences des plans Orsec\/ Polmar terre : Haute corse, Corse du Sud<\/span><\/a><\/p>\n","protected":false},"author":1,"featured_media":0,"parent":0,"menu_order":0,"comment_status":"closed","ping_status":"closed","template":"templates\/full-width-page.php","meta":{"footnotes":""},"class_list":["post-471","page","type-page","status-publish","hentry","without-featured-image"],"_links":{"self":[{"href":"https:\/\/www.polmarterre.fr\/index.php\/wp-json\/wp\/v2\/pages\/471","targetHints":{"allow":["GET"]}}],"collection":[{"href":"https:\/\/www.polmarterre.fr\/index.php\/wp-json\/wp\/v2\/pages"}],"about":[{"href":"https:\/\/www.polmarterre.fr\/index.php\/wp-json\/wp\/v2\/types\/page"}],"author":[{"embeddable":true,"href":"https:\/\/www.polmarterre.fr\/index.php\/wp-json\/wp\/v2\/users\/1"}],"replies":[{"embeddable":true,"href":"https:\/\/www.polmarterre.fr\/index.php\/wp-json\/wp\/v2\/comments?post=471"}],"version-history":[{"count":2,"href":"https:\/\/www.polmarterre.fr\/index.php\/wp-json\/wp\/v2\/pages\/471\/revisions"}],"predecessor-version":[{"id":525,"href":"https:\/\/www.polmarterre.fr\/index.php\/wp-json\/wp\/v2\/pages\/471\/revisions\/525"}],"wp:attachment":[{"href":"https:\/\/www.polmarterre.fr\/index.php\/wp-json\/wp\/v2\/media?parent=471"}],"curies":[{"name":"wp","href":"https:\/\/api.w.org\/{rel}","templated":true}]}}