{"id":457,"date":"2022-01-27T14:54:19","date_gmt":"2022-01-27T13:54:19","guid":{"rendered":"http:\/\/yzncjip.cluster031.hosting.ovh.net\/?page_id=457"},"modified":"2022-01-28T09:38:16","modified_gmt":"2022-01-28T08:38:16","slug":"references-des-plans-orsec-polmar-terre-seine-maritime-eure-calvados-manche","status":"publish","type":"page","link":"https:\/\/www.polmarterre.fr\/index.php\/references-des-plans-orsec-polmar-terre-seine-maritime-eure-calvados-manche\/","title":{"rendered":"R\u00e9f\u00e9rences des plans Orsec\/ Polmar terre : Seine Maritime, Eure, Calvados, Manche"},"content":{"rendered":"\n<h4 class=\"western\"><span style=\"font-family: arial, helvetica, sans-serif;\"><b>D\u00e9partement de la Seine-Maritime<\/b><\/span><\/h4>\n<p style=\"padding-left: 40px;\"><span style=\"font-family: arial, helvetica, sans-serif;\">Date d\u2019approbation du plan initial Orsec\/Polmar-Terre :\u00a0<span style=\"color: #0000ff;\"><b>01\/04\/1979<\/b><\/span><\/span><br \/><span style=\"font-family: arial, helvetica, sans-serif;\">Date du dernier arr\u00eat\u00e9 pr\u00e9fectoral :\u00a0<span style=\"color: #0000ff;\"><b>20\/10\/2005<\/b><\/span><\/span><br \/><span style=\"font-family: arial, helvetica, sans-serif;\">Date de la derni\u00e8re r\u00e9vision ou mise \u00e0 jour :<\/span><br \/><span style=\"font-family: arial, helvetica, sans-serif;\">R\u00e9vision en cours :\u00a0<span style=\"color: #0000ff;\"><b>oui<\/b><\/span><\/span><\/p>\n<h4 class=\"western\"><span style=\"font-family: arial, helvetica, sans-serif;\">D\u00e9partement de l\u2019Eure<\/span><\/h4>\n<p style=\"padding-left: 40px;\"><span style=\"font-family: arial, helvetica, sans-serif;\">Date d\u2019approbation du plan initial Orsec\/Polmar-Terre :\u00a0<span style=\"color: #0000ff;\"><b>1979<\/b><\/span><\/span><br \/><span style=\"font-family: arial, helvetica, sans-serif;\">Date du dernier arr\u00eat\u00e9 pr\u00e9fectoral :\u00a0<span style=\"color: #0000ff;\"><b>1979<\/b><\/span><\/span><br \/><span style=\"font-family: arial, helvetica, sans-serif;\">Date de la derni\u00e8re r\u00e9vision ou mise \u00e0 jour :\u00a0<span style=\"color: #0000ff;\"><b>1990<\/b><\/span><\/span><br \/><span style=\"font-family: arial, helvetica, sans-serif;\">R\u00e9vision en cours :<\/span><\/p>\n<h4 class=\"western\"><span style=\"font-family: arial, helvetica, sans-serif;\">D\u00e9partement du Calvados<\/span><\/h4>\n<p style=\"padding-left: 40px;\"><span style=\"font-family: arial, helvetica, sans-serif;\">Date d\u2019approbation du plan initial Orsec\/Polmar-Terre:\u00a0<span style=\"color: #0000ff;\"><b>01\/07\/1981<\/b><\/span><\/span><br \/><span style=\"font-family: arial, helvetica, sans-serif;\">Date du dernier arr\u00eat\u00e9 pr\u00e9fectoral :\u00a0<span style=\"color: #0000ff;\"><b>03\/02\/2005<\/b><\/span><\/span><br \/><span style=\"font-family: arial, helvetica, sans-serif;\">Date de la derni\u00e8re r\u00e9vision ou mise \u00e0 jour :<\/span><br \/><span style=\"font-family: arial, helvetica, sans-serif;\">R\u00e9vision en cours :\u00a0<span style=\"color: #0000ff;\"><b>oui<\/b><\/span><\/span><\/p>\n<h4 class=\"western\"><span style=\"font-family: arial, helvetica, sans-serif;\">D\u00e9partement de la Manche<\/span><\/h4>\n<p style=\"padding-left: 40px;\"><span style=\"font-family: arial, helvetica, sans-serif;\">Date d\u2019approbation du plan initial Orsec\/Polmar-Terre :\u00a0<span style=\"color: #0000ff;\"><b>1979<\/b><\/span><\/span><br \/><span style=\"font-family: arial, helvetica, sans-serif;\">Date du dernier arr\u00eat\u00e9 pr\u00e9fectoral :\u00a0<span style=\"color: #0000ff;\"><b>22\/07\/1997<\/b><\/span><\/span><br \/><span style=\"font-family: arial, helvetica, sans-serif;\">Date de la derni\u00e8re r\u00e9vision ou mise \u00e0 jour :\u00a0<span style=\"color: #0000ff;\"><b>2007<\/b><\/span><\/span><br \/><span style=\"font-family: arial, helvetica, sans-serif;\">R\u00e9vision en cours :\u00a0<span style=\"color: #0000ff;\"><b>non<\/b><\/span><\/span><\/p>\n","protected":false},"excerpt":{"rendered":"<p>D\u00e9partement de la Seine-Maritime Date d\u2019approbation du plan initial Orsec\/Polmar-Terre :\u00a001\/04\/1979Date du dernier arr\u00eat\u00e9 pr\u00e9fectoral :\u00a020\/10\/2005Date de la derni\u00e8re r\u00e9vision ou mise \u00e0 jour :R\u00e9vision en cours :\u00a0oui D\u00e9partement de l\u2019Eure Date d\u2019approbation du plan initial Orsec\/Polmar-Terre :\u00a01979Date du dernier arr\u00eat\u00e9 pr\u00e9fectoral :\u00a01979Date de la derni\u00e8re r\u00e9vision ou mise \u00e0 jour :\u00a01990R\u00e9vision en cours :&hellip; <a href=\"https:\/\/www.polmarterre.fr\/index.php\/references-des-plans-orsec-polmar-terre-seine-maritime-eure-calvados-manche\/\" class=\"more-link\">Lire la suite <span class=\"screen-reader-text\">R\u00e9f\u00e9rences des plans Orsec\/ Polmar terre : Seine Maritime, Eure, Calvados, Manche<\/span><\/a><\/p>\n","protected":false},"author":1,"featured_media":0,"parent":0,"menu_order":0,"comment_status":"closed","ping_status":"closed","template":"templates\/full-width-page.php","meta":{"footnotes":""},"class_list":["post-457","page","type-page","status-publish","hentry","without-featured-image"],"_links":{"self":[{"href":"https:\/\/www.polmarterre.fr\/index.php\/wp-json\/wp\/v2\/pages\/457","targetHints":{"allow":["GET"]}}],"collection":[{"href":"https:\/\/www.polmarterre.fr\/index.php\/wp-json\/wp\/v2\/pages"}],"about":[{"href":"https:\/\/www.polmarterre.fr\/index.php\/wp-json\/wp\/v2\/types\/page"}],"author":[{"embeddable":true,"href":"https:\/\/www.polmarterre.fr\/index.php\/wp-json\/wp\/v2\/users\/1"}],"replies":[{"embeddable":true,"href":"https:\/\/www.polmarterre.fr\/index.php\/wp-json\/wp\/v2\/comments?post=457"}],"version-history":[{"count":1,"href":"https:\/\/www.polmarterre.fr\/index.php\/wp-json\/wp\/v2\/pages\/457\/revisions"}],"predecessor-version":[{"id":458,"href":"https:\/\/www.polmarterre.fr\/index.php\/wp-json\/wp\/v2\/pages\/457\/revisions\/458"}],"wp:attachment":[{"href":"https:\/\/www.polmarterre.fr\/index.php\/wp-json\/wp\/v2\/media?parent=457"}],"curies":[{"name":"wp","href":"https:\/\/api.w.org\/{rel}","templated":true}]}}