{"id":451,"date":"2022-01-27T14:49:04","date_gmt":"2022-01-27T13:49:04","guid":{"rendered":"http:\/\/yzncjip.cluster031.hosting.ovh.net\/?page_id=451"},"modified":"2022-01-28T09:34:53","modified_gmt":"2022-01-28T08:34:53","slug":"references-des-plans-orsec-polmar-terre-mayotte","status":"publish","type":"page","link":"https:\/\/www.polmarterre.fr\/index.php\/references-des-plans-orsec-polmar-terre-mayotte\/","title":{"rendered":"R\u00e9f\u00e9rences des plans Orsec\/ Polmar terre : Mayotte"},"content":{"rendered":"\n<h4 class=\"western\"><span style=\"font-family: arial, helvetica, sans-serif;\"><b>Direction de l\u2019Equipement de Mayotte<\/b><\/span><\/h4>\n<p style=\"padding-left: 40px;\"><span style=\"font-family: arial, helvetica, sans-serif;\">Date d\u2019approbation du plan initial POLMAR-Terre :<\/span><br \/><span style=\"font-family: arial, helvetica, sans-serif;\">Date du dernier arr\u00eat\u00e9 pr\u00e9fectoral :\u00a0<span style=\"color: #0000ff;\"><b>02\/01\/2009<\/b><\/span><\/span><br \/><span style=\"font-family: arial, helvetica, sans-serif;\">Date de la derni\u00e8re r\u00e9vision ou mise \u00e0 jour :<\/span><br \/><span style=\"font-family: arial, helvetica, sans-serif;\">R\u00e9vision en cours :<\/span><\/p>\n","protected":false},"excerpt":{"rendered":"<p>Direction de l\u2019Equipement de Mayotte Date d\u2019approbation du plan initial POLMAR-Terre :Date du dernier arr\u00eat\u00e9 pr\u00e9fectoral :\u00a002\/01\/2009Date de la derni\u00e8re r\u00e9vision ou mise \u00e0 jour :R\u00e9vision en cours :<\/p>\n","protected":false},"author":1,"featured_media":0,"parent":0,"menu_order":0,"comment_status":"closed","ping_status":"closed","template":"templates\/full-width-page.php","meta":{"footnotes":""},"class_list":["post-451","page","type-page","status-publish","hentry","without-featured-image"],"_links":{"self":[{"href":"https:\/\/www.polmarterre.fr\/index.php\/wp-json\/wp\/v2\/pages\/451","targetHints":{"allow":["GET"]}}],"collection":[{"href":"https:\/\/www.polmarterre.fr\/index.php\/wp-json\/wp\/v2\/pages"}],"about":[{"href":"https:\/\/www.polmarterre.fr\/index.php\/wp-json\/wp\/v2\/types\/page"}],"author":[{"embeddable":true,"href":"https:\/\/www.polmarterre.fr\/index.php\/wp-json\/wp\/v2\/users\/1"}],"replies":[{"embeddable":true,"href":"https:\/\/www.polmarterre.fr\/index.php\/wp-json\/wp\/v2\/comments?post=451"}],"version-history":[{"count":1,"href":"https:\/\/www.polmarterre.fr\/index.php\/wp-json\/wp\/v2\/pages\/451\/revisions"}],"predecessor-version":[{"id":452,"href":"https:\/\/www.polmarterre.fr\/index.php\/wp-json\/wp\/v2\/pages\/451\/revisions\/452"}],"wp:attachment":[{"href":"https:\/\/www.polmarterre.fr\/index.php\/wp-json\/wp\/v2\/media?parent=451"}],"curies":[{"name":"wp","href":"https:\/\/api.w.org\/{rel}","templated":true}]}}