{"id":424,"date":"2022-01-27T14:20:00","date_gmt":"2022-01-27T13:20:00","guid":{"rendered":"http:\/\/yzncjip.cluster031.hosting.ovh.net\/?page_id=424"},"modified":"2022-01-28T09:35:24","modified_gmt":"2022-01-28T08:35:24","slug":"references-des-plans-orsec-polmar-terre-morbihan-loire-atlantique-vendee","status":"publish","type":"page","link":"https:\/\/www.polmarterre.fr\/index.php\/references-des-plans-orsec-polmar-terre-morbihan-loire-atlantique-vendee\/","title":{"rendered":"R\u00e9f\u00e9rences des plans Orsec\/ Polmar terre : Morbihan, Loire atlantique, Vend\u00e9e"},"content":{"rendered":"\n<h4 class=\"western\"><span style=\"font-family: arial, helvetica, sans-serif;\">D\u00e9partement du Morbihan<\/span><\/h4>\n<p style=\"padding-left: 40px;\"><span style=\"font-family: arial, helvetica, sans-serif;\">Date d\u2019approbation du plan initial Orsec\/Polmar-Terre :\u00a0<span style=\"color: #0000ff;\"><b>1984<\/b><\/span><\/span><br \/><span style=\"font-family: arial, helvetica, sans-serif;\">Date du dernier arr\u00eat\u00e9 pr\u00e9fectoral :\u00a0<span style=\"color: #0000ff;\"><b>08\/09\/1992<\/b><\/span><\/span><br \/><span style=\"font-family: arial, helvetica, sans-serif;\">Date de la derni\u00e8re r\u00e9vision ou mise \u00e0 jour :<\/span><br \/><span style=\"font-family: arial, helvetica, sans-serif;\">r\u00e9vision en cours :\u00a0<span style=\"color: #0000ff;\"><b>oui<\/b><\/span><\/span><\/p>\n<h4 class=\"western\"><span style=\"font-family: arial, helvetica, sans-serif;\">D\u00e9partement de Loire-Atlantique<\/span><\/h4>\n<p style=\"padding-left: 40px;\"><span style=\"font-family: arial, helvetica, sans-serif;\">Date d\u2019approbation du plan initial Orsec\/Polmar-Terre :\u00a0<span style=\"color: #0000ff;\"><b>15\/12\/1981<\/b><\/span><\/span><br \/><span style=\"font-family: arial, helvetica, sans-serif;\">Date du dernier arr\u00eat\u00e9 pr\u00e9fectoral :\u00a0<span style=\"color: #0000ff;\"><b>2015<\/b><\/span><\/span><br \/><span style=\"font-family: arial, helvetica, sans-serif;\">Date de la derni\u00e8re r\u00e9vision ou mise \u00e0 jour :<\/span><br \/><span style=\"font-family: arial, helvetica, sans-serif;\">r\u00e9vision en cours :\u00a0<span style=\"color: #0000ff;\"><b>non<\/b><\/span><\/span><\/p>\n<h4 class=\"western\"><span style=\"font-family: arial, helvetica, sans-serif;\">D\u00e9partement de la Vend\u00e9e<\/span><\/h4>\n<p style=\"padding-left: 40px;\"><span style=\"font-family: arial, helvetica, sans-serif;\">Date d\u2019approbation du plan initial Orsec\/ Polmar-Terre :<\/span><br \/><span style=\"font-family: arial, helvetica, sans-serif;\">Date du dernier arr\u00eat\u00e9 Pr\u00e9fectoral :\u00a0<b><span style=\"color: #0000ff;\">2017<\/span><br \/><\/b>Date de la derni\u00e8re r\u00e9vision ou mise \u00e0 jour :<\/span><br \/><span style=\"font-family: arial, helvetica, sans-serif;\">En cours de r\u00e9vision :\u00a0<span style=\"color: #0000ff;\"><b>non<\/b><\/span><\/span><\/p>\n","protected":false},"excerpt":{"rendered":"<p>D\u00e9partement du Morbihan Date d\u2019approbation du plan initial Orsec\/Polmar-Terre :\u00a01984Date du dernier arr\u00eat\u00e9 pr\u00e9fectoral :\u00a008\/09\/1992Date de la derni\u00e8re r\u00e9vision ou mise \u00e0 jour :r\u00e9vision en cours :\u00a0oui D\u00e9partement de Loire-Atlantique Date d\u2019approbation du plan initial Orsec\/Polmar-Terre :\u00a015\/12\/1981Date du dernier arr\u00eat\u00e9 pr\u00e9fectoral :\u00a02015Date de la derni\u00e8re r\u00e9vision ou mise \u00e0 jour :r\u00e9vision en cours :\u00a0non D\u00e9partement&hellip; <a href=\"https:\/\/www.polmarterre.fr\/index.php\/references-des-plans-orsec-polmar-terre-morbihan-loire-atlantique-vendee\/\" class=\"more-link\">Lire la suite <span class=\"screen-reader-text\">R\u00e9f\u00e9rences des plans Orsec\/ Polmar terre : Morbihan, Loire atlantique, Vend\u00e9e<\/span><\/a><\/p>\n","protected":false},"author":1,"featured_media":0,"parent":0,"menu_order":0,"comment_status":"closed","ping_status":"closed","template":"templates\/full-width-page.php","meta":{"footnotes":""},"class_list":["post-424","page","type-page","status-publish","hentry","without-featured-image"],"_links":{"self":[{"href":"https:\/\/www.polmarterre.fr\/index.php\/wp-json\/wp\/v2\/pages\/424","targetHints":{"allow":["GET"]}}],"collection":[{"href":"https:\/\/www.polmarterre.fr\/index.php\/wp-json\/wp\/v2\/pages"}],"about":[{"href":"https:\/\/www.polmarterre.fr\/index.php\/wp-json\/wp\/v2\/types\/page"}],"author":[{"embeddable":true,"href":"https:\/\/www.polmarterre.fr\/index.php\/wp-json\/wp\/v2\/users\/1"}],"replies":[{"embeddable":true,"href":"https:\/\/www.polmarterre.fr\/index.php\/wp-json\/wp\/v2\/comments?post=424"}],"version-history":[{"count":3,"href":"https:\/\/www.polmarterre.fr\/index.php\/wp-json\/wp\/v2\/pages\/424\/revisions"}],"predecessor-version":[{"id":437,"href":"https:\/\/www.polmarterre.fr\/index.php\/wp-json\/wp\/v2\/pages\/424\/revisions\/437"}],"wp:attachment":[{"href":"https:\/\/www.polmarterre.fr\/index.php\/wp-json\/wp\/v2\/media?parent=424"}],"curies":[{"name":"wp","href":"https:\/\/api.w.org\/{rel}","templated":true}]}}