{"id":391,"date":"2022-01-27T13:50:04","date_gmt":"2022-01-27T12:50:04","guid":{"rendered":"http:\/\/yzncjip.cluster031.hosting.ovh.net\/?page_id=391"},"modified":"2022-01-28T09:35:56","modified_gmt":"2022-01-28T08:35:56","slug":"references-des-plans-orsec-polmar-terre-nord-pas-de-calais-somme","status":"publish","type":"page","link":"https:\/\/www.polmarterre.fr\/index.php\/references-des-plans-orsec-polmar-terre-nord-pas-de-calais-somme\/","title":{"rendered":"R\u00e9f\u00e9rences des plans Orsec\/ Polmar terre : Nord, Pas de Calais, Somme"},"content":{"rendered":"\n<h4 class=\"western\"><span style=\"font-family: arial, helvetica, sans-serif; font-size: 12pt;\">D\u00e9partement du Nord<\/span><\/h4>\n<p style=\"padding-left: 40px;\"><span style=\"font-family: arial, helvetica, sans-serif; font-size: 12pt;\">Date d\u2019approbation du plan initial Orsec\/Polmar-Terre :\u00a0<span style=\"color: #0000ff;\"><b>1983<\/b><\/span><\/span><br \/><span style=\"font-family: arial, helvetica, sans-serif; font-size: 12pt;\">Date du dernier arr\u00eat\u00e9 pr\u00e9fectoral :\u00a0<span style=\"color: #0000ff;\"><b>2014<\/b><\/span><\/span><br \/><span style=\"font-family: arial, helvetica, sans-serif; font-size: 12pt;\">Date de la derni\u00e8re r\u00e9vision ou mise \u00e0 jour :<\/span><br \/><span style=\"font-family: arial, helvetica, sans-serif; font-size: 12pt;\">R\u00e9vision en cours :\u00a0<span style=\"color: #0000ff;\"><b>non<\/b><\/span><\/span><\/p>\n<h4 class=\"western\"><span style=\"font-family: arial, helvetica, sans-serif; font-size: 12pt;\">D\u00e9partement du Pas de Calais<\/span><\/h4>\n<p style=\"padding-left: 40px;\"><span style=\"font-family: arial, helvetica, sans-serif; font-size: 12pt;\">Date d\u2019approbation du plan initial Orsec\/Polmar-Terre :\u00a0<span style=\"color: #0000ff;\"><b>1979<\/b><\/span><\/span><br \/><span style=\"font-family: arial, helvetica, sans-serif; font-size: 12pt;\">Date du dernier arr\u00eat\u00e9 pr\u00e9fectoral :\u00a0<span style=\"color: #0000ff;\"><b>12\/01\/2004<\/b><\/span><\/span><br \/><span style=\"font-family: arial, helvetica, sans-serif; font-size: 12pt;\">Date de la derni\u00e8re r\u00e9vision ou mise \u00e0 jour :<\/span><br \/><span style=\"font-family: arial, helvetica, sans-serif; font-size: 12pt;\">R\u00e9vision en cours :\u00a0<span style=\"color: #0000ff;\"><b>oui<\/b><\/span><\/span><\/p>\n<h4 class=\"western\"><span style=\"font-family: arial, helvetica, sans-serif; font-size: 12pt;\">D\u00e9partement de la Somme<\/span><\/h4>\n<p style=\"padding-left: 40px;\"><span style=\"font-family: arial, helvetica, sans-serif; font-size: 12pt;\">Date d\u2019approbation du plan initial Orsec\/Polmar-Terre :\u00a0<span style=\"color: #0000ff;\"><b>28\/12\/1979<\/b><\/span><\/span><br \/><span style=\"font-family: arial, helvetica, sans-serif; font-size: 12pt;\">Date du dernier arr\u00eat\u00e9 pr\u00e9fectoral :\u00a0<span style=\"color: #0000ff;\"><b>10\/04\/1984<\/b><\/span><\/span><br \/><span style=\"font-family: arial, helvetica, sans-serif; font-size: 12pt;\">Date de la derni\u00e8re r\u00e9vision ou mise \u00e0 jour :<\/span><br \/><span style=\"font-family: arial, helvetica, sans-serif; font-size: 12pt;\">R\u00e9vision en cours :\u00a0<span style=\"color: #0000ff;\"><b>oui<\/b><\/span><\/span><\/p>\n","protected":false},"excerpt":{"rendered":"<p>D\u00e9partement du Nord Date d\u2019approbation du plan initial Orsec\/Polmar-Terre :\u00a01983Date du dernier arr\u00eat\u00e9 pr\u00e9fectoral :\u00a02014Date de la derni\u00e8re r\u00e9vision ou mise \u00e0 jour :R\u00e9vision en cours :\u00a0non D\u00e9partement du Pas de Calais Date d\u2019approbation du plan initial Orsec\/Polmar-Terre :\u00a01979Date du dernier arr\u00eat\u00e9 pr\u00e9fectoral :\u00a012\/01\/2004Date de la derni\u00e8re r\u00e9vision ou mise \u00e0 jour :R\u00e9vision en cours&hellip; <a href=\"https:\/\/www.polmarterre.fr\/index.php\/references-des-plans-orsec-polmar-terre-nord-pas-de-calais-somme\/\" class=\"more-link\">Lire la suite <span class=\"screen-reader-text\">R\u00e9f\u00e9rences des plans Orsec\/ Polmar terre : Nord, Pas de Calais, Somme<\/span><\/a><\/p>\n","protected":false},"author":1,"featured_media":0,"parent":0,"menu_order":0,"comment_status":"closed","ping_status":"closed","template":"templates\/full-width-page.php","meta":{"footnotes":""},"class_list":["post-391","page","type-page","status-publish","hentry","without-featured-image"],"_links":{"self":[{"href":"https:\/\/www.polmarterre.fr\/index.php\/wp-json\/wp\/v2\/pages\/391","targetHints":{"allow":["GET"]}}],"collection":[{"href":"https:\/\/www.polmarterre.fr\/index.php\/wp-json\/wp\/v2\/pages"}],"about":[{"href":"https:\/\/www.polmarterre.fr\/index.php\/wp-json\/wp\/v2\/types\/page"}],"author":[{"embeddable":true,"href":"https:\/\/www.polmarterre.fr\/index.php\/wp-json\/wp\/v2\/users\/1"}],"replies":[{"embeddable":true,"href":"https:\/\/www.polmarterre.fr\/index.php\/wp-json\/wp\/v2\/comments?post=391"}],"version-history":[{"count":6,"href":"https:\/\/www.polmarterre.fr\/index.php\/wp-json\/wp\/v2\/pages\/391\/revisions"}],"predecessor-version":[{"id":398,"href":"https:\/\/www.polmarterre.fr\/index.php\/wp-json\/wp\/v2\/pages\/391\/revisions\/398"}],"wp:attachment":[{"href":"https:\/\/www.polmarterre.fr\/index.php\/wp-json\/wp\/v2\/media?parent=391"}],"curies":[{"name":"wp","href":"https:\/\/api.w.org\/{rel}","templated":true}]}}