{"id":383,"date":"2022-01-27T12:17:05","date_gmt":"2022-01-27T11:17:05","guid":{"rendered":"http:\/\/yzncjip.cluster031.hosting.ovh.net\/?page_id=383"},"modified":"2022-09-01T16:50:31","modified_gmt":"2022-09-01T14:50:31","slug":"centre-de-la-reunion","status":"publish","type":"page","link":"https:\/\/www.polmarterre.fr\/index.php\/centre-de-la-reunion\/","title":{"rendered":"Centre de la R\u00e9union"},"content":{"rendered":"\n<p><span style=\"font-family: arial, helvetica, sans-serif;\"><b>Coordonn\u00e9es du centre de la R\u00e9union<\/b><\/span><\/p>\n<h4 class=\"western\"><span style=\"font-family: arial, helvetica, sans-serif;\"><b>Chef du Centre<\/b><\/span><\/h4>\n<p style=\"padding-left: 40px;\"><span style=\"font-family: arial, helvetica, sans-serif;\"><span style=\"color: #0000ff;\"><b>D<\/b><\/span>irection de la\u00a0<span style=\"color: #0000ff;\"><b>M<\/b><\/span>er Sud Oc\u00e9an Indien<\/span><\/p>\n<p style=\"padding-left: 40px;\"><span style=\"font-family: arial, helvetica, sans-serif;\"><b>Centre Exploitation Maritime<\/b><\/span><\/p>\n<p style=\"padding-left: 40px;\"><span style=\"font-family: arial, helvetica, sans-serif;\">Unit\u00e9 R\u00e9union<\/span><br \/><span style=\"font-family: arial, helvetica, sans-serif;\">Rue Charles Dickens ZI N\u00b01<\/span><br \/><span style=\"font-family: arial, helvetica, sans-serif;\">BP 2002<\/span><br \/><span style=\"font-family: arial, helvetica, sans-serif;\">97821 LE PORT Cedex<\/span><br \/><span style=\"font-family: arial, helvetica, sans-serif;\">T\u00e9l : 02 62 96 44 43<\/span><\/p>\n<h4 class=\"western\"><span style=\"font-family: arial, helvetica, sans-serif;\"><strong>Responsable Technique<\/strong><\/span><\/h4>\n<p style=\"padding-left: 40px;\"><span style=\"font-family: arial, helvetica, sans-serif;\"><b>Centre de Stockage et d\u2019Intervention<\/b><\/span><br \/><span style=\"font-family: arial, helvetica, sans-serif;\">Rue Charles Dickens ZI N\u00b01<\/span><br \/><span style=\"font-family: arial, helvetica, sans-serif;\">BP 2002<\/span><br \/><span style=\"font-family: arial, helvetica, sans-serif;\">97821 LE PORT Cedex<\/span><br \/><span style=\"font-family: arial, helvetica, sans-serif;\">T\u00e9l : 02 62 96 44 44<\/span><\/p>\n<p><span style=\"font-family: arial, helvetica, sans-serif;\"><a href=\"https:\/\/www.polmarterre.fr\/index.php\/references-des-plans-orsec-polmar-terre-la-reunion\/\" rel=\"noopener\"><b>R\u00e9f\u00e9rences des plans Orsec\/ Polmar terre\u00a0: la R\u00e9union<\/b><\/a><\/span><\/p>\n<p class=\"western\"><span style=\"font-family: arial, helvetica, sans-serif;\"><a href=\"https:\/\/www.polmarterre.fr\/index.php\/exercices-organises-par-le-centre-de-la-reunion\/\" rel=\"noopener\"><strong>Exercices organis\u00e9s avec le centre de la R\u00e9union<\/strong><\/a><\/span><\/p>\n","protected":false},"excerpt":{"rendered":"<p>Coordonn\u00e9es du centre de la R\u00e9union Chef du Centre Direction de la\u00a0Mer Sud Oc\u00e9an Indien Centre Exploitation Maritime Unit\u00e9 R\u00e9unionRue Charles Dickens ZI N\u00b01BP 200297821 LE PORT CedexT\u00e9l : 02 62 96 44 43 Responsable Technique Centre de Stockage et d\u2019InterventionRue Charles Dickens ZI N\u00b01BP 200297821 LE PORT CedexT\u00e9l : 02 62 96 44 44&hellip; <a href=\"https:\/\/www.polmarterre.fr\/index.php\/centre-de-la-reunion\/\" class=\"more-link\">Lire la suite <span class=\"screen-reader-text\">Centre de la R\u00e9union<\/span><\/a><\/p>\n","protected":false},"author":1,"featured_media":0,"parent":0,"menu_order":0,"comment_status":"closed","ping_status":"closed","template":"templates\/full-width-page.php","meta":{"footnotes":""},"class_list":["post-383","page","type-page","status-publish","hentry","without-featured-image"],"_links":{"self":[{"href":"https:\/\/www.polmarterre.fr\/index.php\/wp-json\/wp\/v2\/pages\/383","targetHints":{"allow":["GET"]}}],"collection":[{"href":"https:\/\/www.polmarterre.fr\/index.php\/wp-json\/wp\/v2\/pages"}],"about":[{"href":"https:\/\/www.polmarterre.fr\/index.php\/wp-json\/wp\/v2\/types\/page"}],"author":[{"embeddable":true,"href":"https:\/\/www.polmarterre.fr\/index.php\/wp-json\/wp\/v2\/users\/1"}],"replies":[{"embeddable":true,"href":"https:\/\/www.polmarterre.fr\/index.php\/wp-json\/wp\/v2\/comments?post=383"}],"version-history":[{"count":10,"href":"https:\/\/www.polmarterre.fr\/index.php\/wp-json\/wp\/v2\/pages\/383\/revisions"}],"predecessor-version":[{"id":1319,"href":"https:\/\/www.polmarterre.fr\/index.php\/wp-json\/wp\/v2\/pages\/383\/revisions\/1319"}],"wp:attachment":[{"href":"https:\/\/www.polmarterre.fr\/index.php\/wp-json\/wp\/v2\/media?parent=383"}],"curies":[{"name":"wp","href":"https:\/\/api.w.org\/{rel}","templated":true}]}}