{"id":380,"date":"2022-01-27T12:15:05","date_gmt":"2022-01-27T11:15:05","guid":{"rendered":"http:\/\/yzncjip.cluster031.hosting.ovh.net\/?page_id=380"},"modified":"2022-09-01T16:49:45","modified_gmt":"2022-09-01T14:49:45","slug":"centre-de-guadeloupe","status":"publish","type":"page","link":"https:\/\/www.polmarterre.fr\/index.php\/centre-de-guadeloupe\/","title":{"rendered":"Centre de Guadeloupe"},"content":{"rendered":"\n<p><span style=\"font-family: arial, helvetica, sans-serif;\"><b>Coordonn\u00e9es du centre de Guadeloupe<\/b><\/span><\/p>\n<h4 class=\"western\"><span style=\"font-family: arial, helvetica, sans-serif;\"><b>Chef du Centre<\/b><\/span><\/h4>\n<p style=\"padding-left: 40px;\"><span style=\"font-family: arial, helvetica, sans-serif;\"><span style=\"color: #0000ff;\"><b>D<\/b><\/span>irection de la\u00a0<span style=\"color: #0000ff;\"><b>M<\/b><\/span>er Guadeloupe<\/span><\/p>\n<p style=\"padding-left: 40px;\"><span style=\"font-family: arial, helvetica, sans-serif;\"><b>Phares et Balises<\/b><\/span><br \/><span style=\"font-family: arial, helvetica, sans-serif;\">Pointe Fouillole<\/span><br \/><span style=\"font-family: arial, helvetica, sans-serif;\">97110 POINTE A PITRE<\/span><br \/><span style=\"font-family: arial, helvetica, sans-serif;\">T\u00e9l : 05 90 21 29 90<\/span><\/p>\n<h4 class=\"western\"><span style=\"font-family: arial, helvetica, sans-serif;\"><strong>Responsable Technique<\/strong><\/span><\/h4>\n<p style=\"padding-left: 40px;\"><span style=\"font-family: arial, helvetica, sans-serif;\"><b>Centre de Stockage et d\u2019Intervention<\/b><\/span><br \/><span style=\"font-family: arial, helvetica, sans-serif;\">Pointe Fouillole<\/span><br \/><span style=\"font-family: arial, helvetica, sans-serif;\">97110 POINTE A PITRE<\/span><br \/><span style=\"font-family: arial, helvetica, sans-serif;\">T\u00e9l : 05 90 21 28 98<\/span><\/p>\n<p><span style=\"font-family: arial, helvetica, sans-serif;\"><a href=\"https:\/\/www.polmarterre.fr\/index.php\/references-des-plans-orsec-polmar-terre-guadeloupe\/\" rel=\"noopener\"><b>R\u00e9f\u00e9rences des plans Orsec\/ Polmar terre\u00a0: Guadeloupe<\/b><\/a><\/span><\/p>\n<p class=\"western\"><span style=\"font-family: arial, helvetica, sans-serif;\"><a href=\"https:\/\/www.polmarterre.fr\/index.php\/exercices-organises-par-le-centre-de-la-guadeloupe\/\" rel=\"noopener\"><strong>Exercices organis\u00e9s avec le centre de Guadeloupe<\/strong><\/a><\/span><\/p>\n","protected":false},"excerpt":{"rendered":"<p>Coordonn\u00e9es du centre de Guadeloupe Chef du Centre Direction de la\u00a0Mer Guadeloupe Phares et BalisesPointe Fouillole97110 POINTE A PITRET\u00e9l : 05 90 21 29 90 Responsable Technique Centre de Stockage et d\u2019InterventionPointe Fouillole97110 POINTE A PITRET\u00e9l : 05 90 21 28 98 R\u00e9f\u00e9rences des plans Orsec\/ Polmar terre\u00a0: Guadeloupe Exercices organis\u00e9s avec le centre de&hellip; <a href=\"https:\/\/www.polmarterre.fr\/index.php\/centre-de-guadeloupe\/\" class=\"more-link\">Lire la suite <span class=\"screen-reader-text\">Centre de Guadeloupe<\/span><\/a><\/p>\n","protected":false},"author":1,"featured_media":0,"parent":0,"menu_order":0,"comment_status":"closed","ping_status":"closed","template":"templates\/full-width-page.php","meta":{"footnotes":""},"class_list":["post-380","page","type-page","status-publish","hentry","without-featured-image"],"_links":{"self":[{"href":"https:\/\/www.polmarterre.fr\/index.php\/wp-json\/wp\/v2\/pages\/380","targetHints":{"allow":["GET"]}}],"collection":[{"href":"https:\/\/www.polmarterre.fr\/index.php\/wp-json\/wp\/v2\/pages"}],"about":[{"href":"https:\/\/www.polmarterre.fr\/index.php\/wp-json\/wp\/v2\/types\/page"}],"author":[{"embeddable":true,"href":"https:\/\/www.polmarterre.fr\/index.php\/wp-json\/wp\/v2\/users\/1"}],"replies":[{"embeddable":true,"href":"https:\/\/www.polmarterre.fr\/index.php\/wp-json\/wp\/v2\/comments?post=380"}],"version-history":[{"count":9,"href":"https:\/\/www.polmarterre.fr\/index.php\/wp-json\/wp\/v2\/pages\/380\/revisions"}],"predecessor-version":[{"id":1317,"href":"https:\/\/www.polmarterre.fr\/index.php\/wp-json\/wp\/v2\/pages\/380\/revisions\/1317"}],"wp:attachment":[{"href":"https:\/\/www.polmarterre.fr\/index.php\/wp-json\/wp\/v2\/media?parent=380"}],"curies":[{"name":"wp","href":"https:\/\/api.w.org\/{rel}","templated":true}]}}