{"id":363,"date":"2022-01-27T11:51:27","date_gmt":"2022-01-27T10:51:27","guid":{"rendered":"http:\/\/yzncjip.cluster031.hosting.ovh.net\/?page_id=363"},"modified":"2022-09-01T16:49:05","modified_gmt":"2022-09-01T14:49:05","slug":"centre-dajaccio","status":"publish","type":"page","link":"https:\/\/www.polmarterre.fr\/index.php\/centre-dajaccio\/","title":{"rendered":"Centre d\u2019Ajaccio"},"content":{"rendered":"\n<p><span style=\"font-family: arial, helvetica, sans-serif;\"><b>Coordonn\u00e9es du centre d\u2019Ajaccio<\/b><\/span><\/p>\n<h4 class=\"western\"><span style=\"font-family: arial, helvetica, sans-serif;\"><b>Chef du Centre<\/b><\/span><\/h4>\n<p style=\"padding-left: 40px;\"><span style=\"font-family: arial, helvetica, sans-serif; color: #333333;\"><b>Direction de la mer et du littoral Corse<\/b><\/span><\/p>\n<p style=\"padding-left: 40px;\"><span style=\"font-family: arial, helvetica, sans-serif;\"><b>Centre Interd\u00e9partemental de Stockage POLMAR-Terre<\/b><\/span><br \/><span style=\"font-family: arial, helvetica, sans-serif;\">Unit\u00e9 surveillance milieu marin<\/span>\u00a0&amp; <span style=\"font-family: arial, helvetica, sans-serif;\">POLMAR-Terre<\/span><br \/><span style=\"font-family: arial, helvetica, sans-serif;\">Terre plein de la Gare<\/span><br \/><span style=\"font-family: arial, helvetica, sans-serif;\">20000 AJACCIO cedex 9<\/span><br \/><span style=\"font-family: arial, helvetica, sans-serif;\">T\u00e9l : 04 95 10 68 42<\/span><\/p>\n<h4 class=\"western\"><span style=\"font-family: arial, helvetica, sans-serif;\"><strong>Responsable Technique<\/strong><\/span><\/h4>\n<p style=\"padding-left: 40px;\"><span style=\"font-family: arial, helvetica, sans-serif;\"><b>Stockage mat\u00e9riel<\/b><\/span><br \/><span style=\"font-family: arial, helvetica, sans-serif;\">Base navale d\u2019Aspretto<\/span><br \/><span style=\"font-family: arial, helvetica, sans-serif;\">20000 AJACCIO<\/span><br \/><span style=\"font-family: arial, helvetica, sans-serif;\">T\u00e9l : 04 95 10 68 43<\/span><\/p>\n<p><span style=\"font-family: arial, helvetica, sans-serif;\"><a href=\"https:\/\/www.polmarterre.fr\/index.php\/references-des-plans-orsec-polmar-terre-haute-corse-corse-du-sud\/\" rel=\"noopener\"><b>R\u00e9f\u00e9rences des plans Orsec\/ Polmar terre\u00a0: Haute corse, Corse du Sud<\/b><\/a><\/span><\/p>\n<p class=\"western\"><span style=\"font-family: arial, helvetica, sans-serif;\"><a href=\"https:\/\/www.polmarterre.fr\/index.php\/exercices-organises-par-le-centre-dajaccio\/\" rel=\"noopener\"><strong>Exercices organis\u00e9s avec le centre de stockage d&rsquo;Ajaccio<\/strong><\/a><\/span><\/p>\n","protected":false},"excerpt":{"rendered":"<p>Coordonn\u00e9es du centre d\u2019Ajaccio Chef du Centre Direction de la mer et du littoral Corse Centre Interd\u00e9partemental de Stockage POLMAR-TerreUnit\u00e9 surveillance milieu marin\u00a0&amp; POLMAR-TerreTerre plein de la Gare20000 AJACCIO cedex 9T\u00e9l : 04 95 10 68 42 Responsable Technique Stockage mat\u00e9rielBase navale d\u2019Aspretto20000 AJACCIOT\u00e9l : 04 95 10 68 43 R\u00e9f\u00e9rences des plans Orsec\/ Polmar&hellip; <a href=\"https:\/\/www.polmarterre.fr\/index.php\/centre-dajaccio\/\" class=\"more-link\">Lire la suite <span class=\"screen-reader-text\">Centre d\u2019Ajaccio<\/span><\/a><\/p>\n","protected":false},"author":1,"featured_media":0,"parent":0,"menu_order":0,"comment_status":"closed","ping_status":"closed","template":"templates\/full-width-page.php","meta":{"footnotes":""},"class_list":["post-363","page","type-page","status-publish","hentry","without-featured-image"],"_links":{"self":[{"href":"https:\/\/www.polmarterre.fr\/index.php\/wp-json\/wp\/v2\/pages\/363","targetHints":{"allow":["GET"]}}],"collection":[{"href":"https:\/\/www.polmarterre.fr\/index.php\/wp-json\/wp\/v2\/pages"}],"about":[{"href":"https:\/\/www.polmarterre.fr\/index.php\/wp-json\/wp\/v2\/types\/page"}],"author":[{"embeddable":true,"href":"https:\/\/www.polmarterre.fr\/index.php\/wp-json\/wp\/v2\/users\/1"}],"replies":[{"embeddable":true,"href":"https:\/\/www.polmarterre.fr\/index.php\/wp-json\/wp\/v2\/comments?post=363"}],"version-history":[{"count":13,"href":"https:\/\/www.polmarterre.fr\/index.php\/wp-json\/wp\/v2\/pages\/363\/revisions"}],"predecessor-version":[{"id":1315,"href":"https:\/\/www.polmarterre.fr\/index.php\/wp-json\/wp\/v2\/pages\/363\/revisions\/1315"}],"wp:attachment":[{"href":"https:\/\/www.polmarterre.fr\/index.php\/wp-json\/wp\/v2\/media?parent=363"}],"curies":[{"name":"wp","href":"https:\/\/api.w.org\/{rel}","templated":true}]}}