{"id":357,"date":"2022-01-27T11:47:39","date_gmt":"2022-01-27T10:47:39","guid":{"rendered":"http:\/\/yzncjip.cluster031.hosting.ovh.net\/?page_id=357"},"modified":"2022-09-01T16:44:37","modified_gmt":"2022-09-01T14:44:37","slug":"centre-du-havre","status":"publish","type":"page","link":"https:\/\/www.polmarterre.fr\/index.php\/centre-du-havre\/","title":{"rendered":"Centre du Havre"},"content":{"rendered":"\n<p><span style=\"font-family: arial, helvetica, sans-serif;\"><strong>Coordonn\u00e9es du centre du Havre<\/strong><\/span><\/p>\n<h4 class=\"western\"><span style=\"font-family: arial, helvetica, sans-serif;\"><b>Chef du Centre<\/b><\/span><\/h4>\n<p style=\"padding-left: 40px;\"><span style=\"font-family: arial, helvetica, sans-serif;\"><span style=\"color: #0000ff;\"><b>D<\/b><\/span><b>irection\u00a0<\/b><span style=\"color: #0000ff;\"><b>I<\/b><\/span><b>nter<\/b><span style=\"color: #0000ff;\"><b>R<\/b><\/span><b>\u00e9gionale de la\u00a0<\/b><span style=\"color: #0000ff;\"><b>M<\/b><\/span><b>er Manche Est-Mer du Nord<\/b><\/span><\/p>\n<p style=\"padding-left: 40px;\"><span style=\"font-family: arial, helvetica, sans-serif;\"><b>Phares et Balises<\/b><\/span><br \/><span style=\"font-family: arial, helvetica, sans-serif;\">Quai de la Marine<\/span><br \/><span style=\"font-family: arial, helvetica, sans-serif;\">76600 LE HAVRE<\/span><br \/><span style=\"font-family: arial, helvetica, sans-serif;\">T\u00e9l : 02 32 74 92 71<\/span><span style=\"font-family: arial, helvetica, sans-serif;\"><br \/><\/span><\/p>\n<h4 class=\"western\"><span style=\"font-family: arial, helvetica, sans-serif;\">Responsable Technique<\/span><\/h4>\n<p style=\"padding-left: 40px;\"><span style=\"font-family: arial, helvetica, sans-serif;\"><b>Centre interd\u00e9partemental de stockage et d\u2019intervention<\/b><\/span><br \/><span style=\"font-family: arial, helvetica, sans-serif;\">Quai Roger Meunier<\/span><br \/><span style=\"font-family: arial, helvetica, sans-serif;\">Hangar 3<\/span><br \/><span style=\"font-family: arial, helvetica, sans-serif;\">76600 LE HAVRE<\/span><br \/><span style=\"font-family: arial, helvetica, sans-serif;\">T\u00e9l : 02 32 74 92 72<\/span><br \/><span style=\"font-family: arial, helvetica, sans-serif;\"><br \/><\/span><\/p>\n<p><span style=\"font-family: arial, helvetica, sans-serif;\"><strong><a href=\"https:\/\/www.polmarterre.fr\/index.php\/references-des-plans-orsec-polmar-terre-seine-maritime-eure-calvados-manche\/\" rel=\"noopener\">R\u00e9f\u00e9rences des plans Orsec\/ Polmar terre\u00a0: Seine Maritime, Eure, Calvados, Manche<\/a><\/strong><\/span><\/p>\n<p class=\"western\"><span style=\"font-family: arial, helvetica, sans-serif;\"><strong><a href=\"https:\/\/www.polmarterre.fr\/index.php\/exercices-organises-par-le-centre-du-havre\/\" rel=\"noopener\">Exercices organis\u00e9s avec le centre de stockage du Havre<\/a><\/strong><\/span><\/p>\n","protected":false},"excerpt":{"rendered":"<p>Coordonn\u00e9es du centre du Havre Chef du Centre Direction\u00a0InterR\u00e9gionale de la\u00a0Mer Manche Est-Mer du Nord Phares et BalisesQuai de la Marine76600 LE HAVRET\u00e9l : 02 32 74 92 71 Responsable Technique Centre interd\u00e9partemental de stockage et d\u2019interventionQuai Roger MeunierHangar 376600 LE HAVRET\u00e9l : 02 32 74 92 72 R\u00e9f\u00e9rences des plans Orsec\/ Polmar terre\u00a0: Seine&hellip; <a href=\"https:\/\/www.polmarterre.fr\/index.php\/centre-du-havre\/\" class=\"more-link\">Lire la suite <span class=\"screen-reader-text\">Centre du Havre<\/span><\/a><\/p>\n","protected":false},"author":1,"featured_media":0,"parent":0,"menu_order":0,"comment_status":"closed","ping_status":"closed","template":"templates\/full-width-page.php","meta":{"footnotes":""},"class_list":["post-357","page","type-page","status-publish","hentry","without-featured-image"],"_links":{"self":[{"href":"https:\/\/www.polmarterre.fr\/index.php\/wp-json\/wp\/v2\/pages\/357","targetHints":{"allow":["GET"]}}],"collection":[{"href":"https:\/\/www.polmarterre.fr\/index.php\/wp-json\/wp\/v2\/pages"}],"about":[{"href":"https:\/\/www.polmarterre.fr\/index.php\/wp-json\/wp\/v2\/types\/page"}],"author":[{"embeddable":true,"href":"https:\/\/www.polmarterre.fr\/index.php\/wp-json\/wp\/v2\/users\/1"}],"replies":[{"embeddable":true,"href":"https:\/\/www.polmarterre.fr\/index.php\/wp-json\/wp\/v2\/comments?post=357"}],"version-history":[{"count":10,"href":"https:\/\/www.polmarterre.fr\/index.php\/wp-json\/wp\/v2\/pages\/357\/revisions"}],"predecessor-version":[{"id":1304,"href":"https:\/\/www.polmarterre.fr\/index.php\/wp-json\/wp\/v2\/pages\/357\/revisions\/1304"}],"wp:attachment":[{"href":"https:\/\/www.polmarterre.fr\/index.php\/wp-json\/wp\/v2\/media?parent=357"}],"curies":[{"name":"wp","href":"https:\/\/api.w.org\/{rel}","templated":true}]}}