{"id":354,"date":"2022-01-27T11:45:39","date_gmt":"2022-01-27T10:45:39","guid":{"rendered":"http:\/\/yzncjip.cluster031.hosting.ovh.net\/?page_id=354"},"modified":"2022-09-01T16:51:38","modified_gmt":"2022-09-01T14:51:38","slug":"centre-de-mayotte","status":"publish","type":"page","link":"https:\/\/www.polmarterre.fr\/index.php\/centre-de-mayotte\/","title":{"rendered":"Centre de Mayotte"},"content":{"rendered":"\n<p><span style=\"font-family: arial, helvetica, sans-serif;\"><b>Coordonn\u00e9es du centre de Mayotte<\/b><\/span><\/p>\n<p style=\"padding-left: 40px;\"><span style=\"font-family: arial, helvetica, sans-serif;\"><span style=\"color: #0000ff;\"><b>D<\/b><\/span>irection de la\u00a0<span style=\"color: #0000ff;\"><b>M<\/b><\/span>er Sud Oc\u00e9an Indien<\/span><\/p>\n<p style=\"padding-left: 40px;\"><span style=\"font-family: arial, helvetica, sans-serif;\"><b>Centre d\u2019exploitation Maritime<\/b><\/span><\/p>\n<p style=\"padding-left: 40px;\"><span style=\"font-family: arial, helvetica, sans-serif;\">Unit\u00e9 Mayotte<\/span><br \/><span style=\"font-family: arial, helvetica, sans-serif;\">Longoni<\/span><br \/><span style=\"font-family: arial, helvetica, sans-serif;\">Mamoudzou<\/span><br \/><span style=\"font-family: arial, helvetica, sans-serif;\">BP 279<\/span><br \/><span style=\"font-family: arial, helvetica, sans-serif;\">97600 Mayotte<\/span><br \/><span style=\"font-family: arial, helvetica, sans-serif;\">T\u00e9l : 02 62 62 06 11<\/span><br \/><span style=\"font-family: arial, helvetica, sans-serif;\">Mob : 02 39 69 51 68<\/span><\/p>\n<p><span style=\"font-family: arial, helvetica, sans-serif;\"><a href=\"https:\/\/www.polmarterre.fr\/index.php\/references-des-plans-orsec-polmar-terre-mayotte\/\" rel=\"noopener\"><b>R\u00e9f\u00e9rences des plans Orsec\/ Polmar terre\u00a0: Mayotte<\/b><\/a><\/span><\/p>\n<p class=\"western\"><span style=\"font-family: arial, helvetica, sans-serif;\"><a href=\"https:\/\/www.polmarterre.fr\/index.php\/exercices-organises-par-le-centre-de-mayotte\/\" rel=\"noopener\"><strong>Exercices organis\u00e9s avec le centre de stockage de Mayotte<\/strong><\/a><\/span><\/p>\n","protected":false},"excerpt":{"rendered":"<p>Coordonn\u00e9es du centre de Mayotte Direction de la\u00a0Mer Sud Oc\u00e9an Indien Centre d\u2019exploitation Maritime Unit\u00e9 MayotteLongoniMamoudzouBP 27997600 MayotteT\u00e9l : 02 62 62 06 11Mob : 02 39 69 51 68 R\u00e9f\u00e9rences des plans Orsec\/ Polmar terre\u00a0: Mayotte Exercices organis\u00e9s avec le centre de stockage de Mayotte<\/p>\n","protected":false},"author":1,"featured_media":0,"parent":0,"menu_order":0,"comment_status":"closed","ping_status":"closed","template":"templates\/full-width-page.php","meta":{"footnotes":""},"class_list":["post-354","page","type-page","status-publish","hentry","without-featured-image"],"_links":{"self":[{"href":"https:\/\/www.polmarterre.fr\/index.php\/wp-json\/wp\/v2\/pages\/354","targetHints":{"allow":["GET"]}}],"collection":[{"href":"https:\/\/www.polmarterre.fr\/index.php\/wp-json\/wp\/v2\/pages"}],"about":[{"href":"https:\/\/www.polmarterre.fr\/index.php\/wp-json\/wp\/v2\/types\/page"}],"author":[{"embeddable":true,"href":"https:\/\/www.polmarterre.fr\/index.php\/wp-json\/wp\/v2\/users\/1"}],"replies":[{"embeddable":true,"href":"https:\/\/www.polmarterre.fr\/index.php\/wp-json\/wp\/v2\/comments?post=354"}],"version-history":[{"count":9,"href":"https:\/\/www.polmarterre.fr\/index.php\/wp-json\/wp\/v2\/pages\/354\/revisions"}],"predecessor-version":[{"id":1321,"href":"https:\/\/www.polmarterre.fr\/index.php\/wp-json\/wp\/v2\/pages\/354\/revisions\/1321"}],"wp:attachment":[{"href":"https:\/\/www.polmarterre.fr\/index.php\/wp-json\/wp\/v2\/media?parent=354"}],"curies":[{"name":"wp","href":"https:\/\/api.w.org\/{rel}","templated":true}]}}