{"id":351,"date":"2022-01-27T11:40:53","date_gmt":"2022-01-27T10:40:53","guid":{"rendered":"http:\/\/yzncjip.cluster031.hosting.ovh.net\/?page_id=351"},"modified":"2022-07-26T11:29:19","modified_gmt":"2022-07-26T09:29:19","slug":"centre-de-martinique","status":"publish","type":"page","link":"https:\/\/www.polmarterre.fr\/index.php\/centre-de-martinique\/","title":{"rendered":"Centre de Martinique"},"content":{"rendered":"\n<p><span style=\"font-family: arial, helvetica, sans-serif;\"><b>Coordonn\u00e9es du centre de Martinique<\/b><\/span><\/p>\n<h4 class=\"western\"><span style=\"font-family: arial, helvetica, sans-serif;\"><b>Chef du Centre<\/b><\/span><\/h4>\n<p><span style=\"font-family: arial, helvetica, sans-serif;\"><span style=\"color: #0000ff;\"><b>D<\/b><\/span>irection de la\u00a0<span style=\"color: #0000ff;\"><b>M<\/b><\/span>er\u00a0Martinique<\/span><\/p>\n<p style=\"padding-left: 40px;\"><span style=\"font-family: arial, helvetica, sans-serif;\"><b>Phares et Balises<\/b><\/span><br \/><span style=\"font-family: arial, helvetica, sans-serif;\">Entr\u00e9e du port<\/span><br \/><span style=\"font-family: arial, helvetica, sans-serif;\">BP 620<\/span><br \/><span style=\"font-family: arial, helvetica, sans-serif;\">97261 FORT DE FRANCE CEDEX<\/span><br \/><span style=\"font-family: arial, helvetica, sans-serif;\">T\u00e9l : 05 96 72 80 84<\/span><\/p>\n<h4 class=\"western\"><span style=\"font-family: arial, helvetica, sans-serif;\">Responsable Technique<\/span><\/h4>\n<p style=\"padding-left: 40px;\"><span style=\"font-family: arial, helvetica, sans-serif;\"><b>Centre d\u2019intervention et de stockage<\/b><\/span><br \/><span style=\"font-family: arial, helvetica, sans-serif;\">Entr\u00e9e du port<\/span><br \/><span style=\"font-family: arial, helvetica, sans-serif;\">BP 620<\/span><br \/><span style=\"font-family: arial, helvetica, sans-serif;\">97261 FORT DE FRANCE CEDEX<\/span><br \/><br \/><\/p>\n<p><span style=\"font-family: arial, helvetica, sans-serif;\"><a href=\"https:\/\/www.polmarterre.fr\/index.php\/references-des-plans-orsec-polmar-terre-martinique\/\" rel=\"noopener\"><b>R\u00e9f\u00e9rences des plans Orsec\/ Polmar terre\u00a0: Martinique<\/b><\/a><\/span><\/p>\n<p class=\"western\"><span style=\"font-family: arial, helvetica, sans-serif;\"><a href=\"https:\/\/www.polmarterre.fr\/index.php\/exercices-organises-par-le-centre-de-la-martinique\/\" rel=\"noopener\"><strong>Exercices organis\u00e9s avec le centre de Martinique<\/strong><\/a><\/span><\/p>\n","protected":false},"excerpt":{"rendered":"<p>Coordonn\u00e9es du centre de Martinique Chef du Centre Direction de la\u00a0Mer\u00a0Martinique Phares et BalisesEntr\u00e9e du portBP 62097261 FORT DE FRANCE CEDEXT\u00e9l : 05 96 72 80 84 Responsable Technique Centre d\u2019intervention et de stockageEntr\u00e9e du portBP 62097261 FORT DE FRANCE CEDEX R\u00e9f\u00e9rences des plans Orsec\/ Polmar terre\u00a0: Martinique Exercices organis\u00e9s avec le centre de Martinique<\/p>\n","protected":false},"author":1,"featured_media":0,"parent":0,"menu_order":0,"comment_status":"closed","ping_status":"closed","template":"templates\/full-width-page.php","meta":{"footnotes":""},"class_list":["post-351","page","type-page","status-publish","hentry","without-featured-image"],"_links":{"self":[{"href":"https:\/\/www.polmarterre.fr\/index.php\/wp-json\/wp\/v2\/pages\/351","targetHints":{"allow":["GET"]}}],"collection":[{"href":"https:\/\/www.polmarterre.fr\/index.php\/wp-json\/wp\/v2\/pages"}],"about":[{"href":"https:\/\/www.polmarterre.fr\/index.php\/wp-json\/wp\/v2\/types\/page"}],"author":[{"embeddable":true,"href":"https:\/\/www.polmarterre.fr\/index.php\/wp-json\/wp\/v2\/users\/1"}],"replies":[{"embeddable":true,"href":"https:\/\/www.polmarterre.fr\/index.php\/wp-json\/wp\/v2\/comments?post=351"}],"version-history":[{"count":8,"href":"https:\/\/www.polmarterre.fr\/index.php\/wp-json\/wp\/v2\/pages\/351\/revisions"}],"predecessor-version":[{"id":1056,"href":"https:\/\/www.polmarterre.fr\/index.php\/wp-json\/wp\/v2\/pages\/351\/revisions\/1056"}],"wp:attachment":[{"href":"https:\/\/www.polmarterre.fr\/index.php\/wp-json\/wp\/v2\/media?parent=351"}],"curies":[{"name":"wp","href":"https:\/\/api.w.org\/{rel}","templated":true}]}}