{"id":35,"date":"2022-01-24T13:39:26","date_gmt":"2022-01-24T12:39:26","guid":{"rendered":"http:\/\/yzncjip.cluster031.hosting.ovh.net\/?page_id=35"},"modified":"2024-01-18T15:42:06","modified_gmt":"2024-01-18T14:42:06","slug":"situation-durgence","status":"publish","type":"page","link":"https:\/\/www.polmarterre.fr\/index.php\/situation-durgence\/","title":{"rendered":"Situation d\u2019urgence"},"content":{"rendered":"\n<p><img loading=\"lazy\" decoding=\"async\" class=\"alignnone size-full wp-image-800\" src=\"https:\/\/www.polmarterre.fr\/wp-content\/uploads\/situation_urgence1.jpg\" alt=\"\" width=\"300\" height=\"241\" \/><\/p>\n<p>Le \u00ab <strong><a href=\"https:\/\/www.polmarterre.fr\/wp-content\/uploads\/Memo-POLMAR-Terre-2023.pdf\">M\u00e9mo POLMAR-Terre<\/a><\/strong> \u00bb, a plusieurs objectifs\u00a0:<\/p>\n<ul>\n<li>informer sur les r\u00f4les et les coordonn\u00e9es des acteurs POLMAR-Terre<\/li>\n<li>indiquer les premi\u00e8res mesures \u00e0 prendre en cas d\u2019arrivages de pollution sur le littoral<\/li>\n<li>rappeler les limites d\u2019utilisation d\u2019un barrage flottant anti pollution<\/li>\n<li>fournir une fiche de reconnaissance<\/li>\n<\/ul>\n<ol>\n<li><a href=\"https:\/\/www.polmarterre.fr\/wp-content\/uploads\/conduite-a-tenir.pdf\"><span style=\"font-family: arial, helvetica, sans-serif;\">Les premi\u00e8res mesures d&rsquo;urgences<\/span><\/a>\n<ol style=\"list-style-type: upper-roman;\">\n<li><span style=\"font-family: arial, helvetica, sans-serif;\"><strong><span style=\"color: #ff6600;\">Anticiper et se pr\u00e9parer<\/span><\/strong><\/span><\/li>\n<li><span style=\"font-family: arial, helvetica, sans-serif;\"><strong><span style=\"color: #ff6600;\">Confirmer \/ infirmer la pollution<\/span><\/strong><\/span><\/li>\n<li><span style=\"font-family: arial, helvetica, sans-serif;\"><strong><span style=\"color: #ff6600;\">Alerter<\/span><\/strong><\/span><\/li>\n<li><span style=\"font-family: arial, helvetica, sans-serif;\"><strong><span style=\"color: #ff6600;\">S\u00e9curiser<\/span><\/strong><\/span><\/li>\n<li><span style=\"font-family: arial, helvetica, sans-serif;\"><strong><span style=\"color: #ff6600;\">Mobiliser les conseillers techniques<\/span><\/strong><\/span><\/li>\n<li><span style=\"font-family: arial, helvetica, sans-serif;\"><strong><span style=\"color: #ff6600;\">Pr\u00e9server ses int\u00e9r\u00eats<\/span><\/strong><\/span><\/li>\n<li><span style=\"font-family: arial, helvetica, sans-serif;\"><strong><span style=\"color: #ff6600;\">Mobiliser les moyens publics et priv\u00e9s<\/span><\/strong><\/span><\/li>\n<li><span style=\"font-family: arial, helvetica, sans-serif;\"><strong><span style=\"color: #ff6600;\">Assurer la communication interne et externe<\/span><\/strong><\/span><\/li>\n<\/ol>\n<\/li>\n<li>\n<p><span style=\"font-family: arial, helvetica, sans-serif;\"><a href=\"https:\/\/www.polmarterre.fr\/wp-content\/uploads\/2022\/01\/PolmarA4_QuiFaitQuoi.pdf\" rel=\"noopener\">Responsabilit\u00e9s\u00a0: qui fait quoi\u00a0?<\/a><\/span><\/p>\n<\/li>\n<li>\n<p><a href=\"https:\/\/www.polmarterre.fr\/wp-content\/uploads\/expertise-pne-cedre.pdf\"><span style=\"font-family: arial, helvetica, sans-serif;\">Expertise<\/span><\/a><\/p>\n<\/li>\n<li>\n<p><span style=\"font-family: arial, helvetica, sans-serif;\"><a href=\"https:\/\/www.polmarterre.fr\/wp-content\/uploads\/2022\/01\/PolmarA4_RappelsTechniques.pdf\" rel=\"noopener\">Rappels techniques sur les limites d\u2019efficacit\u00e9 des barrages<\/a><\/span><\/p>\n<\/li>\n<li>\n<p><span style=\"font-family: arial, helvetica, sans-serif;\">Fiches t\u00e9l\u00e9chargeables<\/span><br \/><span style=\"font-family: arial, helvetica, sans-serif;\">\u2013\u00a0<a href=\"https:\/\/www.polmarterre.fr\/wp-content\/uploads\/2022\/01\/PolmarA4_FichesTelechargeables1.pdf\" rel=\"noopener\">Aide m\u00e9moire et fiche de reconnaissance<\/a><\/span><br \/><span style=\"font-family: arial, helvetica, sans-serif;\">\u2013\u00a0<a href=\"https:\/\/www.polmarterre.fr\/wp-content\/uploads\/contacts.pdf\">Contacts<\/a><\/span><\/p>\n<\/li>\n<\/ol>\n","protected":false},"excerpt":{"rendered":"<p>Le \u00ab M\u00e9mo POLMAR-Terre \u00bb, a plusieurs objectifs\u00a0: informer sur les r\u00f4les et les coordonn\u00e9es des acteurs POLMAR-Terre indiquer les premi\u00e8res mesures \u00e0 prendre en cas d\u2019arrivages de pollution sur le littoral rappeler les limites d\u2019utilisation d\u2019un barrage flottant anti pollution fournir une fiche de reconnaissance Les premi\u00e8res mesures d&rsquo;urgences Anticiper et se pr\u00e9parer Confirmer&hellip; <a href=\"https:\/\/www.polmarterre.fr\/index.php\/situation-durgence\/\" class=\"more-link\">Lire la suite <span class=\"screen-reader-text\">Situation d\u2019urgence<\/span><\/a><\/p>\n","protected":false},"author":1,"featured_media":0,"parent":0,"menu_order":0,"comment_status":"closed","ping_status":"closed","template":"templates\/full-width-page.php","meta":{"footnotes":""},"class_list":["post-35","page","type-page","status-publish","hentry","without-featured-image"],"_links":{"self":[{"href":"https:\/\/www.polmarterre.fr\/index.php\/wp-json\/wp\/v2\/pages\/35","targetHints":{"allow":["GET"]}}],"collection":[{"href":"https:\/\/www.polmarterre.fr\/index.php\/wp-json\/wp\/v2\/pages"}],"about":[{"href":"https:\/\/www.polmarterre.fr\/index.php\/wp-json\/wp\/v2\/types\/page"}],"author":[{"embeddable":true,"href":"https:\/\/www.polmarterre.fr\/index.php\/wp-json\/wp\/v2\/users\/1"}],"replies":[{"embeddable":true,"href":"https:\/\/www.polmarterre.fr\/index.php\/wp-json\/wp\/v2\/comments?post=35"}],"version-history":[{"count":30,"href":"https:\/\/www.polmarterre.fr\/index.php\/wp-json\/wp\/v2\/pages\/35\/revisions"}],"predecessor-version":[{"id":1531,"href":"https:\/\/www.polmarterre.fr\/index.php\/wp-json\/wp\/v2\/pages\/35\/revisions\/1531"}],"wp:attachment":[{"href":"https:\/\/www.polmarterre.fr\/index.php\/wp-json\/wp\/v2\/media?parent=35"}],"curies":[{"name":"wp","href":"https:\/\/api.w.org\/{rel}","templated":true}]}}