{"id":341,"date":"2022-01-27T11:32:28","date_gmt":"2022-01-27T10:32:28","guid":{"rendered":"http:\/\/yzncjip.cluster031.hosting.ovh.net\/?page_id=341"},"modified":"2025-06-30T10:07:43","modified_gmt":"2025-06-30T08:07:43","slug":"centre-de-marseille","status":"publish","type":"page","link":"https:\/\/www.polmarterre.fr\/index.php\/centre-de-marseille\/","title":{"rendered":"Centre de Port de Bouc"},"content":{"rendered":"\n<p><span style=\"font-family: arial, helvetica, sans-serif;\"><b>Coordonn\u00e9es du centre de Port de Bouc<\/b><\/span><\/p>\n<h4 class=\"western\"><span style=\"font-family: arial, helvetica, sans-serif;\"><strong>Chef du Centre<\/strong><\/span><\/h4>\n<p style=\"padding-left: 40px;\"><span style=\"font-family: arial, helvetica, sans-serif;\"><b><span style=\"color: #0000ff;\">D<\/span>irection\u00a0<span style=\"color: #0000ff;\">I<\/span>nter<span style=\"color: #0000ff;\">R<\/span>\u00e9gionale de la\u00a0<span style=\"color: #0000ff;\">M<\/span>er M\u00e9diterran\u00e9e<\/b><\/span><\/p>\n<p style=\"padding-left: 40px;\"><span style=\"font-family: arial, helvetica, sans-serif;\"><b>Phares et Balises Ouest M\u00e9diterran\u00e9e<\/b><\/span><br \/><span style=\"font-family: arial, helvetica, sans-serif;\">Poste 123 de la digue du large<\/span><br \/><span style=\"font-family: arial, helvetica, sans-serif;\">13002 MARSEILLE<\/span><br \/><span style=\"font-family: arial, helvetica, sans-serif;\">T\u00e9l : 04 13 94 89 40<br \/><\/span><\/p>\n<h4 class=\"western\"><span style=\"font-family: arial, helvetica, sans-serif;\">Responsable Technique<\/span><\/h4>\n<p style=\"padding-left: 40px;\"><span style=\"font-family: arial, helvetica, sans-serif;\"><b>Centre interd\u00e9partemental de stockage et d\u2019intervention<\/b><\/span><br \/><span style=\"font-family: arial, helvetica, sans-serif;\">Rue Ren\u00e9 Poli<\/span><br \/><span style=\"font-family: arial, helvetica, sans-serif;\">13110 PORT DE BOUC<\/span><br \/><span style=\"font-family: arial, helvetica, sans-serif;\">Astreinte : 06 24 91 62 00<\/span><\/p>\n<p><span style=\"font-family: arial, helvetica, sans-serif;\"><a href=\"https:\/\/www.polmarterre.fr\/index.php\/references-des-plans-orsec-polmar-terre-bouches-du-rhone-var-alpes-maritimes\/\" rel=\"noopener\"><b>R\u00e9f\u00e9rences des plans Orsec\/ Polmar terre\u00a0: Bouches du Rh\u00f4ne, Var, Alpes Maritimes<\/b><\/a><\/span><\/p>\n<p><span style=\"font-family: arial, helvetica, sans-serif;\"><a href=\"https:\/\/www.polmarterre.fr\/index.php\/exercices-organises-par-le-centre-de-marseille\/\" rel=\"noopener\"><b>Exercices organis\u00e9s avec le centre de Port de Bouc<\/b><\/a><\/span><\/p>\n","protected":false},"excerpt":{"rendered":"<p>Coordonn\u00e9es du centre de Port de Bouc Chef du Centre Direction\u00a0InterR\u00e9gionale de la\u00a0Mer M\u00e9diterran\u00e9e Phares et Balises Ouest M\u00e9diterran\u00e9ePoste 123 de la digue du large13002 MARSEILLET\u00e9l : 04 13 94 89 40 Responsable Technique Centre interd\u00e9partemental de stockage et d\u2019interventionRue Ren\u00e9 Poli13110 PORT DE BOUCAstreinte : 06 24 91 62 00 R\u00e9f\u00e9rences des plans Orsec\/&hellip; <a href=\"https:\/\/www.polmarterre.fr\/index.php\/centre-de-marseille\/\" class=\"more-link\">Lire la suite <span class=\"screen-reader-text\">Centre de Port de Bouc<\/span><\/a><\/p>\n","protected":false},"author":1,"featured_media":0,"parent":0,"menu_order":0,"comment_status":"closed","ping_status":"closed","template":"templates\/full-width-page.php","meta":{"footnotes":""},"class_list":["post-341","page","type-page","status-publish","hentry","without-featured-image"],"_links":{"self":[{"href":"https:\/\/www.polmarterre.fr\/index.php\/wp-json\/wp\/v2\/pages\/341","targetHints":{"allow":["GET"]}}],"collection":[{"href":"https:\/\/www.polmarterre.fr\/index.php\/wp-json\/wp\/v2\/pages"}],"about":[{"href":"https:\/\/www.polmarterre.fr\/index.php\/wp-json\/wp\/v2\/types\/page"}],"author":[{"embeddable":true,"href":"https:\/\/www.polmarterre.fr\/index.php\/wp-json\/wp\/v2\/users\/1"}],"replies":[{"embeddable":true,"href":"https:\/\/www.polmarterre.fr\/index.php\/wp-json\/wp\/v2\/comments?post=341"}],"version-history":[{"count":14,"href":"https:\/\/www.polmarterre.fr\/index.php\/wp-json\/wp\/v2\/pages\/341\/revisions"}],"predecessor-version":[{"id":1628,"href":"https:\/\/www.polmarterre.fr\/index.php\/wp-json\/wp\/v2\/pages\/341\/revisions\/1628"}],"wp:attachment":[{"href":"https:\/\/www.polmarterre.fr\/index.php\/wp-json\/wp\/v2\/media?parent=341"}],"curies":[{"name":"wp","href":"https:\/\/api.w.org\/{rel}","templated":true}]}}