{"id":330,"date":"2022-01-27T11:15:02","date_gmt":"2022-01-27T10:15:02","guid":{"rendered":"http:\/\/yzncjip.cluster031.hosting.ovh.net\/?page_id=330"},"modified":"2022-09-01T16:45:16","modified_gmt":"2022-09-01T14:45:16","slug":"centre-de-saint-nazaire","status":"publish","type":"page","link":"https:\/\/www.polmarterre.fr\/index.php\/centre-de-saint-nazaire\/","title":{"rendered":"Centre de Saint Nazaire"},"content":{"rendered":"\n<p><span style=\"font-family: arial, helvetica, sans-serif;\"><b>Coordonn\u00e9es du centre de Saint Nazaire<\/b><\/span><\/p>\n<h4 class=\"western\"><span style=\"font-family: arial, helvetica, sans-serif;\"><b>Chef du Centre:<\/b><\/span><\/h4>\n<p style=\"padding-left: 40px;\"><span style=\"font-family: arial, helvetica, sans-serif;\"><b><span style=\"color: #0000ff;\">D<\/span>irection\u00a0<span style=\"color: #0000ff;\">I<\/span>nter<span style=\"color: #0000ff;\">R<\/span>\u00e9gionale de la\u00a0<span style=\"color: #0000ff;\">M<\/span>er Nord Atlantique \u2013 Manche Ouest<\/b><\/span><\/p>\n<p style=\"padding-left: 40px;\"><span style=\"font-family: arial, helvetica, sans-serif;\"><b>Phares et Balises<\/b><\/span><br \/><span style=\"font-family: arial, helvetica, sans-serif;\">Quai des Fr\u00e9gates<\/span><br \/><span style=\"font-family: arial, helvetica, sans-serif;\">44600 SAINT NAZAIRE<\/span><br \/><span style=\"font-family: arial, helvetica, sans-serif;\">T\u00e9l : 02 40 22 77 01<\/span><\/p>\n<h4 class=\"western\"><span style=\"font-family: arial, helvetica, sans-serif;\">Responsable Technique<\/span><\/h4>\n<p style=\"padding-left: 40px;\"><span style=\"font-family: arial, helvetica, sans-serif;\"><b>Centre interd\u00e9partemental de stockage et d\u2019intervention<\/b><\/span><br \/><span style=\"font-family: arial, helvetica, sans-serif;\">Quai des fr\u00e9gates<\/span><br \/><span style=\"font-family: arial, helvetica, sans-serif;\">44600 SAINT NAZAIRE<\/span><br \/><span style=\"font-family: arial, helvetica, sans-serif;\">T\u00e9l : 02 40 22 77 02<\/span><\/p>\n<p>\u00a0<\/p>\n<p><span style=\"font-family: arial, helvetica, sans-serif;\"><a href=\"https:\/\/www.polmarterre.fr\/index.php\/references-des-plans-orsec-polmar-terre-morbihan-loire-atlantique-vendee\/\" rel=\"noopener\"><b>R\u00e9f\u00e9rences des plans Orsec\/ Polmar terre\u00a0: Morbihan, Loire atlantique, Vend\u00e9e<\/b><\/a><\/span><\/p>\n<p class=\"western\"><span style=\"font-family: arial, helvetica, sans-serif;\"><strong><a href=\"https:\/\/www.polmarterre.fr\/index.php\/exercices-organises-par-le-centre-de-saint-nazaire\/\" rel=\"noopener\">Exercices organis\u00e9s avec le centre de stockage de Saint Nazaire<\/a><\/strong><\/span><\/p>\n","protected":false},"excerpt":{"rendered":"<p>Coordonn\u00e9es du centre de Saint Nazaire Chef du Centre: Direction\u00a0InterR\u00e9gionale de la\u00a0Mer Nord Atlantique \u2013 Manche Ouest Phares et BalisesQuai des Fr\u00e9gates44600 SAINT NAZAIRET\u00e9l : 02 40 22 77 01 Responsable Technique Centre interd\u00e9partemental de stockage et d\u2019interventionQuai des fr\u00e9gates44600 SAINT NAZAIRET\u00e9l : 02 40 22 77 02 \u00a0 R\u00e9f\u00e9rences des plans Orsec\/ Polmar terre\u00a0:&hellip; <a href=\"https:\/\/www.polmarterre.fr\/index.php\/centre-de-saint-nazaire\/\" class=\"more-link\">Lire la suite <span class=\"screen-reader-text\">Centre de Saint Nazaire<\/span><\/a><\/p>\n","protected":false},"author":1,"featured_media":0,"parent":0,"menu_order":0,"comment_status":"closed","ping_status":"closed","template":"templates\/full-width-page.php","meta":{"footnotes":""},"class_list":["post-330","page","type-page","status-publish","hentry","without-featured-image"],"_links":{"self":[{"href":"https:\/\/www.polmarterre.fr\/index.php\/wp-json\/wp\/v2\/pages\/330","targetHints":{"allow":["GET"]}}],"collection":[{"href":"https:\/\/www.polmarterre.fr\/index.php\/wp-json\/wp\/v2\/pages"}],"about":[{"href":"https:\/\/www.polmarterre.fr\/index.php\/wp-json\/wp\/v2\/types\/page"}],"author":[{"embeddable":true,"href":"https:\/\/www.polmarterre.fr\/index.php\/wp-json\/wp\/v2\/users\/1"}],"replies":[{"embeddable":true,"href":"https:\/\/www.polmarterre.fr\/index.php\/wp-json\/wp\/v2\/comments?post=330"}],"version-history":[{"count":12,"href":"https:\/\/www.polmarterre.fr\/index.php\/wp-json\/wp\/v2\/pages\/330\/revisions"}],"predecessor-version":[{"id":1307,"href":"https:\/\/www.polmarterre.fr\/index.php\/wp-json\/wp\/v2\/pages\/330\/revisions\/1307"}],"wp:attachment":[{"href":"https:\/\/www.polmarterre.fr\/index.php\/wp-json\/wp\/v2\/media?parent=330"}],"curies":[{"name":"wp","href":"https:\/\/api.w.org\/{rel}","templated":true}]}}