{"id":309,"date":"2022-01-27T10:43:57","date_gmt":"2022-01-27T09:43:57","guid":{"rendered":"http:\/\/yzncjip.cluster031.hosting.ovh.net\/?page_id=309"},"modified":"2022-04-22T09:30:04","modified_gmt":"2022-04-22T07:30:04","slug":"circulaire","status":"publish","type":"page","link":"https:\/\/www.polmarterre.fr\/index.php\/circulaire\/","title":{"rendered":"CIRCULAIRE"},"content":{"rendered":"\n<ul class=\"spip\">\n<li><span style=\"font-family: arial, helvetica, sans-serif;\"><a href=\"https:\/\/www.polmarterre.fr\/wp-content\/uploads\/2022\/03\/circulaire_2002-03-04_lutte_contre_les_pollutions_-_plans_de_secours_a_naufrages_cle74b5ff-1.pdf\" rel=\"noopener\"><strong>Circulaire du 4 mars 2002<\/strong><\/a> relative \u00e0 la mise en vigueur d\u2019instructions traitant de la lutte contre les pollutions accidentelles du milieu marin et de l\u2019\u00e9tablissement des plans de secours \u00e0 naufrag\u00e9s.<\/span><\/li>\n<\/ul>\n","protected":false},"excerpt":{"rendered":"<p>Circulaire du 4 mars 2002 relative \u00e0 la mise en vigueur d\u2019instructions traitant de la lutte contre les pollutions accidentelles du milieu marin et de l\u2019\u00e9tablissement des plans de secours \u00e0 naufrag\u00e9s.<\/p>\n","protected":false},"author":1,"featured_media":0,"parent":0,"menu_order":0,"comment_status":"closed","ping_status":"closed","template":"templates\/full-width-page.php","meta":{"footnotes":""},"class_list":["post-309","page","type-page","status-publish","hentry","without-featured-image"],"_links":{"self":[{"href":"https:\/\/www.polmarterre.fr\/index.php\/wp-json\/wp\/v2\/pages\/309","targetHints":{"allow":["GET"]}}],"collection":[{"href":"https:\/\/www.polmarterre.fr\/index.php\/wp-json\/wp\/v2\/pages"}],"about":[{"href":"https:\/\/www.polmarterre.fr\/index.php\/wp-json\/wp\/v2\/types\/page"}],"author":[{"embeddable":true,"href":"https:\/\/www.polmarterre.fr\/index.php\/wp-json\/wp\/v2\/users\/1"}],"replies":[{"embeddable":true,"href":"https:\/\/www.polmarterre.fr\/index.php\/wp-json\/wp\/v2\/comments?post=309"}],"version-history":[{"count":5,"href":"https:\/\/www.polmarterre.fr\/index.php\/wp-json\/wp\/v2\/pages\/309\/revisions"}],"predecessor-version":[{"id":876,"href":"https:\/\/www.polmarterre.fr\/index.php\/wp-json\/wp\/v2\/pages\/309\/revisions\/876"}],"wp:attachment":[{"href":"https:\/\/www.polmarterre.fr\/index.php\/wp-json\/wp\/v2\/media?parent=309"}],"curies":[{"name":"wp","href":"https:\/\/api.w.org\/{rel}","templated":true}]}}