{"id":1134,"date":"2022-09-01T14:21:36","date_gmt":"2022-09-01T12:21:36","guid":{"rendered":"https:\/\/www.polmarterre.fr\/?page_id=1134"},"modified":"2022-09-01T14:21:36","modified_gmt":"2022-09-01T12:21:36","slug":"lorganisation-de-la-gestion-de-la-crise","status":"publish","type":"page","link":"https:\/\/www.polmarterre.fr\/index.php\/lorganisation-de-la-gestion-de-la-crise\/","title":{"rendered":"L\u2019organisation de la gestion de la crise"},"content":{"rendered":"\n<p style=\"text-align: justify;\"><img loading=\"lazy\" decoding=\"async\" class=\"wp-image-970 aligncenter\" src=\"https:\/\/www.polmarterre.fr\/wp-content\/uploads\/organisation_1.jpg\" alt=\"\" width=\"500\" height=\"281\" srcset=\"https:\/\/www.polmarterre.fr\/wp-content\/uploads\/organisation_1.jpg 870w, https:\/\/www.polmarterre.fr\/wp-content\/uploads\/organisation_1-300x169.jpg 300w, https:\/\/www.polmarterre.fr\/wp-content\/uploads\/organisation_1-768x432.jpg 768w\" sizes=\"auto, (max-width: 500px) 100vw, 500px\" \/><\/p>\n<p style=\"text-align: justify;\">Le Pr\u00e9fet met en place une structure de direction et de commandement pyramidale reposant sur un COD (Centre op\u00e9rationnel d\u00e9partemental) situ\u00e9 en pr\u00e9fecture, un ou plusieurs PCO g\u00e9n\u00e9ralement situ\u00e9s en sous-pr\u00e9fecture et le cas \u00e9ch\u00e9ant un ou plusieurs PC de site (op\u00e9rations de secours).<\/p>\n<p><img loading=\"lazy\" decoding=\"async\" class=\"size-full wp-image-1136 alignnone\" src=\"https:\/\/www.polmarterre.fr\/wp-content\/uploads\/organisation_COD.jpg\" alt=\"\" width=\"786\" height=\"433\" srcset=\"https:\/\/www.polmarterre.fr\/wp-content\/uploads\/organisation_COD.jpg 786w, https:\/\/www.polmarterre.fr\/wp-content\/uploads\/organisation_COD-300x165.jpg 300w, https:\/\/www.polmarterre.fr\/wp-content\/uploads\/organisation_COD-768x423.jpg 768w\" sizes=\"auto, (max-width: 786px) 100vw, 786px\" \/><\/p>\n<p style=\"text-align: justify;\">Au niveau d\u00e9partemental, les op\u00e9rations de secours sont dirig\u00e9es par le pr\u00e9fet (DOS) sous l&rsquo;autorit\u00e9 du ministre de l&rsquo;int\u00e9rieur.<\/p>\n<p style=\"text-align: justify;\">ll appartient au pr\u00e9fet de d\u00e9partement d\u2019identifier le commandant des op\u00e9rations.<\/p>\n<p style=\"text-align: justify;\">Durant les premiers instants de la crise il s\u2019agit du Commandant des op\u00e9rations de secours (COS) qui est toujours un sapeur-pompier (SDIS).<\/p>\n","protected":false},"excerpt":{"rendered":"<p>Le Pr\u00e9fet met en place une structure de direction et de commandement pyramidale reposant sur un COD (Centre op\u00e9rationnel d\u00e9partemental) situ\u00e9 en pr\u00e9fecture, un ou plusieurs PCO g\u00e9n\u00e9ralement situ\u00e9s en sous-pr\u00e9fecture et le cas \u00e9ch\u00e9ant un ou plusieurs PC de site (op\u00e9rations de secours). Au niveau d\u00e9partemental, les op\u00e9rations de secours sont dirig\u00e9es par le&hellip; <a href=\"https:\/\/www.polmarterre.fr\/index.php\/lorganisation-de-la-gestion-de-la-crise\/\" class=\"more-link\">Lire la suite <span class=\"screen-reader-text\">L\u2019organisation de la gestion de la crise<\/span><\/a><\/p>\n","protected":false},"author":1,"featured_media":0,"parent":0,"menu_order":0,"comment_status":"closed","ping_status":"closed","template":"templates\/full-width-page.php","meta":{"footnotes":""},"class_list":["post-1134","page","type-page","status-publish","hentry","without-featured-image"],"_links":{"self":[{"href":"https:\/\/www.polmarterre.fr\/index.php\/wp-json\/wp\/v2\/pages\/1134","targetHints":{"allow":["GET"]}}],"collection":[{"href":"https:\/\/www.polmarterre.fr\/index.php\/wp-json\/wp\/v2\/pages"}],"about":[{"href":"https:\/\/www.polmarterre.fr\/index.php\/wp-json\/wp\/v2\/types\/page"}],"author":[{"embeddable":true,"href":"https:\/\/www.polmarterre.fr\/index.php\/wp-json\/wp\/v2\/users\/1"}],"replies":[{"embeddable":true,"href":"https:\/\/www.polmarterre.fr\/index.php\/wp-json\/wp\/v2\/comments?post=1134"}],"version-history":[{"count":11,"href":"https:\/\/www.polmarterre.fr\/index.php\/wp-json\/wp\/v2\/pages\/1134\/revisions"}],"predecessor-version":[{"id":1238,"href":"https:\/\/www.polmarterre.fr\/index.php\/wp-json\/wp\/v2\/pages\/1134\/revisions\/1238"}],"wp:attachment":[{"href":"https:\/\/www.polmarterre.fr\/index.php\/wp-json\/wp\/v2\/media?parent=1134"}],"curies":[{"name":"wp","href":"https:\/\/api.w.org\/{rel}","templated":true}]}}